{"id":2794,"date":"2024-10-10T10:29:15","date_gmt":"2024-10-10T08:29:15","guid":{"rendered":"https:\/\/kim-pilot.moveup.de\/?page_id=2794"},"modified":"2025-01-06T10:39:47","modified_gmt":"2025-01-06T09:39:47","slug":"nachhaltigkeit","status":"publish","type":"page","link":"https:\/\/www.ki-management.com\/en\/nachhaltigkeit\/","title":{"rendered":"Sustainability"},"content":{"rendered":"<div class=\"wp-block-cover alignfull\"><span aria-hidden=\"true\" class=\"wp-block-cover__background has-background-dim\" style=\"background-color:#aea6a7\"><\/span><img loading=\"lazy\" decoding=\"async\" width=\"2560\" height=\"1466\" class=\"wp-block-cover__image-background wp-image-3601\" alt=\"\" src=\"https:\/\/www.ki-management.com\/wp-content\/uploads\/2024\/11\/noah-buscher-x8ZStukS2PM-unsplash-scaled.jpg\" style=\"object-position:46% 59%\" data-object-fit=\"cover\" data-object-position=\"46% 59%\" srcset=\"https:\/\/www.ki-management.com\/wp-content\/uploads\/2024\/11\/noah-buscher-x8ZStukS2PM-unsplash-scaled.jpg 2560w, https:\/\/www.ki-management.com\/wp-content\/uploads\/2024\/11\/noah-buscher-x8ZStukS2PM-unsplash-300x172.jpg 300w, https:\/\/www.ki-management.com\/wp-content\/uploads\/2024\/11\/noah-buscher-x8ZStukS2PM-unsplash-1024x586.jpg 1024w, https:\/\/www.ki-management.com\/wp-content\/uploads\/2024\/11\/noah-buscher-x8ZStukS2PM-unsplash-768x440.jpg 768w, https:\/\/www.ki-management.com\/wp-content\/uploads\/2024\/11\/noah-buscher-x8ZStukS2PM-unsplash-1536x880.jpg 1536w, https:\/\/www.ki-management.com\/wp-content\/uploads\/2024\/11\/noah-buscher-x8ZStukS2PM-unsplash-2048x1173.jpg 2048w\" sizes=\"auto, (max-width: 2560px) 100vw, 2560px\" \/><div class=\"wp-block-cover__inner-container is-layout-flow wp-block-cover-is-layout-flow\">\n<div class=\"wp-block-group\"><div class=\"wp-block-group__inner-container is-layout-constrained wp-block-group-is-layout-constrained\">\n<h3 class=\"wp-block-heading section-title left highlighted has-base-3-color has-text-color has-large-font-size\" style=\"font-style:normal;font-weight:900;text-transform:uppercase\">Sustainability<\/h3>\n<\/div><\/div>\n<\/div><\/div>\n\n\n\n<div style=\"height:72px\" aria-hidden=\"true\" class=\"wp-block-spacer\"><\/div>\n\n\n\n<div class=\"wp-block-columns is-layout-flex wp-container-core-columns-is-layout-9d6595d7 wp-block-columns-is-layout-flex\">\n<div class=\"wp-block-column is-layout-flow wp-block-column-is-layout-flow\">\n<h3 class=\"wp-block-heading black has-graublau-color has-text-color\" style=\"font-style:normal;font-weight:700\">The Cologne Institute for Management Consulting stands for ecological action, social commitment and sustainable learning.<\/h3>\n\n\n\n<p>We firmly believe that companies have a significant role to play in shaping a<strong> responsible and sustainable society.<\/strong> Sustainability, social responsibility and continuous learning are therefore at the heart of our corporate philosophy.<\/p>\n<\/div>\n\n\n\n<div class=\"wp-block-column is-layout-flow wp-block-column-is-layout-flow\">\n<figure class=\"wp-block-image size-full\"><img loading=\"lazy\" decoding=\"async\" width=\"605\" height=\"346\" src=\"https:\/\/www.ki-management.com\/wp-content\/uploads\/2024\/10\/Nachhaltigkeit_KIM.png\" alt=\"\" class=\"wp-image-3235\" srcset=\"https:\/\/www.ki-management.com\/wp-content\/uploads\/2024\/10\/Nachhaltigkeit_KIM.png 605w, https:\/\/www.ki-management.com\/wp-content\/uploads\/2024\/10\/Nachhaltigkeit_KIM-300x172.png 300w\" sizes=\"auto, (max-width: 605px) 100vw, 605px\" \/><\/figure>\n<\/div>\n<\/div>\n\n\n\n<div style=\"height:50px\" aria-hidden=\"true\" class=\"wp-block-spacer\"><\/div>\n\n\n\n<div class=\"wp-block-group alignfull has-background section has-kim-10-background-color\"><div class=\"wp-block-group__inner-container is-layout-flow wp-block-group-is-layout-flow\">\n<h3 class=\"wp-block-heading has-text-align-left section-title right highlighted has-accent-color has-text-color\" style=\"font-style:normal;font-weight:900;text-transform:uppercase\">What characterizes us<\/h3>\n\n\n<div class=\"wp-block-uagb-faq uagb-faq__outer-wrap uagb-block-544ed2e3 uagb-faq-icon-row uagb-faq-layout-accordion uagb-faq-expand-first-false uagb-faq-inactive-other-true uagb-faq__wrap uagb-buttons-layout-wrap uagb-faq-equal-height\" data-faqtoggle=\"true\" role=\"tablist\"><div class=\"wp-block-uagb-faq-child uagb-faq-child__outer-wrap uagb-faq-item uagb-block-d2b77056\" role=\"tab\" tabindex=\"0\"><div class=\"uagb-faq-questions-button uagb-faq-questions\">\t\t\t<span class=\"uagb-icon uagb-faq-icon-wrap\">\n\t\t\t\t\t\t\t\t<svg xmlns=\"https:\/\/www.w3.org\/2000\/svg\" viewbox= \"0 0 448 512\"><path d=\"M432 256c0 17.69-14.33 32.01-32 32.01H256v144c0 17.69-14.33 31.99-32 31.99s-32-14.3-32-31.99v-144H48c-17.67 0-32-14.32-32-32.01s14.33-31.99 32-31.99H192v-144c0-17.69 14.33-32.01 32-32.01s32 14.32 32 32.01v144h144C417.7 224 432 238.3 432 256z\"><\/path><\/svg>\n\t\t\t\t\t\t\t<\/span>\n\t\t\t\t\t\t<span class=\"uagb-icon-active uagb-faq-icon-wrap\">\n\t\t\t\t\t\t\t\t<svg xmlns=\"https:\/\/www.w3.org\/2000\/svg\" viewbox= \"0 0 448 512\"><path d=\"M400 288h-352c-17.69 0-32-14.32-32-32.01s14.31-31.99 32-31.99h352c17.69 0 32 14.3 32 31.99S417.7 288 400 288z\"><\/path><\/svg>\n\t\t\t\t\t\t\t<\/span>\n\t\t\t<h4 class=\"uagb-question\"><strong>Ecological action<\/strong><\/h4><\/div><div class=\"uagb-faq-content\"><p>Our company is consistently committed to environmental sustainability. We prefer the use of rail for business trips and use electric vehicles as company cars to reduce our CO2 emissions. We also encourage mobile working from home to minimize commuting. By providing our employees with the german train ticket, we actively encourage the use of public transportation.<br><br>To conserve resources, we conduct assessment centers paperlessly thanks to our software solution and increasingly rely on digital formats such as online training, interviews, and remote assessment centers to avoid travel and reduce CO2 emissions. In addition, we increasingly use fair trade, vegetarian, and vegan products when providing catering for events to promote sustainable and ethical business practices.<br><br>Our efforts over the past few years are paying off: As we increasingly conduct remote procedures and use digital methods, we have been able to reduce our paperwork by half.<br><br>These measures are part of our commitment to environmentally friendly corporate governance and demonstrate our contribution to protecting the environment and promoting sustainable practices, which we also want to establish beyond the boundaries of our company.<\/p><\/div><\/div><div class=\"wp-block-uagb-faq-child uagb-faq-child__outer-wrap uagb-faq-item uagb-block-c26e1c5b\" role=\"tab\" tabindex=\"0\"><div class=\"uagb-faq-questions-button uagb-faq-questions\">\t\t\t<span class=\"uagb-icon uagb-faq-icon-wrap\">\n\t\t\t\t\t\t\t\t<svg xmlns=\"https:\/\/www.w3.org\/2000\/svg\" viewbox= \"0 0 448 512\"><path d=\"M432 256c0 17.69-14.33 32.01-32 32.01H256v144c0 17.69-14.33 31.99-32 31.99s-32-14.3-32-31.99v-144H48c-17.67 0-32-14.32-32-32.01s14.33-31.99 32-31.99H192v-144c0-17.69 14.33-32.01 32-32.01s32 14.32 32 32.01v144h144C417.7 224 432 238.3 432 256z\"><\/path><\/svg>\n\t\t\t\t\t\t\t<\/span>\n\t\t\t\t\t\t<span class=\"uagb-icon-active uagb-faq-icon-wrap\">\n\t\t\t\t\t\t\t\t<svg xmlns=\"https:\/\/www.w3.org\/2000\/svg\" viewbox= \"0 0 448 512\"><path d=\"M400 288h-352c-17.69 0-32-14.32-32-32.01s14.31-31.99 32-31.99h352c17.69 0 32 14.3 32 31.99S417.7 288 400 288z\"><\/path><\/svg>\n\t\t\t\t\t\t\t<\/span>\n\t\t\t<h4 class=\"uagb-question\"><strong>Social commitment<\/strong><\/h4><\/div><div class=\"uagb-faq-content\"><p>We are also actively involved in social activities to make a positive contribution to society. Since 2002, we have supported the LebensWert e.V. association by providing free coaching for cancer patients, helping them return to work or change careers. We support athletes in their transition after their sporting careers in collaboration with the Sports Foundation of North Rhine-Westphalia, transferring resources from sport into the new phase of life and providing guidance for the time after competitive sport.<br><br>Furthermore, we support the Christmas campaign of the\u00a0<a href=\"https:\/\/lions-koelnrhenus.de\/\">Lions Club Cologne-Rhenus<\/a>\u00a0by acquiring and gifting hundreds of their Advent calendars. The proceeds from these calendars benefit various social projects.<br><br>At the\u00a0<a href=\"https:\/\/blog.ki-management.com\/kilometer-fuer-den-guten-zweck-das-ki-m-beim-koelner-brueckenlauf-2023\/\">Cologne Bridge Run<\/a>\u00a0every year, we donate a fixed amount for each kilometer run by our employees to a social project. Our \"congredi coeln\" event series also serves a good cause, as the participation fees are donated to charitable causes. Many of our employees also volunteer in sports or social activities in their free time.<br>These diverse activities are an expression of our deep commitment to social responsibility and solidarity.<\/p><\/div><\/div><div class=\"wp-block-uagb-faq-child uagb-faq-child__outer-wrap uagb-faq-item uagb-block-73a6b59b\" role=\"tab\" tabindex=\"0\"><div class=\"uagb-faq-questions-button uagb-faq-questions\">\t\t\t<span class=\"uagb-icon uagb-faq-icon-wrap\">\n\t\t\t\t\t\t\t\t<svg xmlns=\"https:\/\/www.w3.org\/2000\/svg\" viewbox= \"0 0 448 512\"><path d=\"M432 256c0 17.69-14.33 32.01-32 32.01H256v144c0 17.69-14.33 31.99-32 31.99s-32-14.3-32-31.99v-144H48c-17.67 0-32-14.32-32-32.01s14.33-31.99 32-31.99H192v-144c0-17.69 14.33-32.01 32-32.01s32 14.32 32 32.01v144h144C417.7 224 432 238.3 432 256z\"><\/path><\/svg>\n\t\t\t\t\t\t\t<\/span>\n\t\t\t\t\t\t<span class=\"uagb-icon-active uagb-faq-icon-wrap\">\n\t\t\t\t\t\t\t\t<svg xmlns=\"https:\/\/www.w3.org\/2000\/svg\" viewbox= \"0 0 448 512\"><path d=\"M400 288h-352c-17.69 0-32-14.32-32-32.01s14.31-31.99 32-31.99h352c17.69 0 32 14.3 32 31.99S417.7 288 400 288z\"><\/path><\/svg>\n\t\t\t\t\t\t\t<\/span>\n\t\t\t<h4 class=\"uagb-question\"><strong>Sustainable learning<\/strong><\/h4><\/div><div class=\"uagb-faq-content\"><p><em>Our overarching corporate goal is to develop people responsibly within organizations to increase their performance and personal satisfaction. Therefore, the lasting impact of learning is particularly important to us. We rely on innovative technologies and formats to optimize personnel selection and development processes.<\/em><br><br>Our learning concepts combine digital training elements with interactive classroom sessions and diverse methodological approaches to address different learning styles and achieve sustainable learning success. We place particular emphasis on balancing knowledge transfer with practical relevance by providing ample space for exercises and practical application to promote long-term transfer into everyday professional life. In addition to our knowledge transfer measures, we promote sustainable learning through follow-up units and continuously evaluate the long-term success of our offerings.<br><br>As part of our commitment, we offer a variety of internships to give students insight into our working methods and to gain experience. Read what our interns have to say here.\u00a0<br><br>We are also proud to have been recognized by the Chamber of Industry and Commerce for outstanding achievements in vocational training (Office Management Assistant) in 2023. Our commitment to sustainable learning is reflected in all our educational initiatives and demonstrates our commitment to empowering people and fostering long-term, successful development.<br><br>We also support the next generation of young consultants by enabling prospective members of the student consulting firm MarcAurelConsult e.V. to gain their first practical experience through external projects. For example, the associates have already conducted a market analysis on HR topics. Within this framework, we offer dedicated students the opportunity to translate their professional knowledge from their studies into practical business psychology issues.<\/p><\/div><\/div><\/div><\/div><\/div>","protected":false},"excerpt":{"rendered":"<p>Das K\u00f6lner Institut f\u00fcr Managementberatung steht\u202ff\u00fcr \u00f6kologisches Handeln, soziales Engagement und nachhaltiges Lernen. Wir sind fest davon \u00fcberzeugt, dass Unternehmen eine bedeutende Rolle bei der Gestaltung einer verantwortungsvollen und zukunftsf\u00e4higen Gesellschaft spielen. Bei uns stehen deshalb die Themen Nachhaltigkeit, soziale Verantwortung und kontinuierliches Lernen im Mittelpunkt unserer Unternehmensphilosophie Das zeichnet uns aus<\/p>","protected":false},"author":2,"featured_media":0,"parent":0,"menu_order":0,"comment_status":"closed","ping_status":"closed","template":"","meta":{"inline_featured_image":false,"_uag_custom_page_level_css":"","footnotes":""},"class_list":["post-2794","page","type-page","status-publish"],"yoast_head":"<!-- This site is optimized with the Yoast SEO plugin v27.5 - https:\/\/yoast.com\/product\/yoast-seo-wordpress\/ -->\n<title>Nachhaltigkeit - K\u00f6lner Institut f\u00fcr Managementberatung<\/title>\n<meta name=\"robots\" content=\"index, follow, max-snippet:-1, max-image-preview:large, max-video-preview:-1\" \/>\n<link rel=\"canonical\" href=\"https:\/\/www.ki-management.com\/en\/nachhaltigkeit\/\" \/>\n<meta property=\"og:locale\" content=\"en_US\" \/>\n<meta property=\"og:type\" content=\"article\" \/>\n<meta property=\"og:title\" content=\"Nachhaltigkeit - K\u00f6lner Institut f\u00fcr Managementberatung\" \/>\n<meta property=\"og:description\" content=\"Das K\u00f6lner Institut f\u00fcr Managementberatung steht\u202ff\u00fcr \u00f6kologisches Handeln, soziales Engagement und nachhaltiges Lernen. Wir sind fest davon \u00fcberzeugt, dass Unternehmen eine bedeutende Rolle bei der Gestaltung einer verantwortungsvollen und zukunftsf\u00e4higen Gesellschaft spielen. Bei uns stehen deshalb die Themen Nachhaltigkeit, soziale Verantwortung und kontinuierliches Lernen im Mittelpunkt unserer Unternehmensphilosophie Das zeichnet uns aus\" \/>\n<meta property=\"og:url\" content=\"https:\/\/www.ki-management.com\/en\/nachhaltigkeit\/\" \/>\n<meta property=\"og:site_name\" content=\"K\u00f6lner Institut f\u00fcr Managementberatung\" \/>\n<meta property=\"article:modified_time\" content=\"2025-01-06T09:39:47+00:00\" \/>\n<meta property=\"og:image\" content=\"https:\/\/www.ki-management.com\/wp-content\/uploads\/2024\/11\/noah-buscher-x8ZStukS2PM-unsplash-scaled.jpg\" \/>\n\t<meta property=\"og:image:width\" content=\"2560\" \/>\n\t<meta property=\"og:image:height\" content=\"1466\" \/>\n\t<meta property=\"og:image:type\" content=\"image\/jpeg\" \/>\n<meta name=\"twitter:card\" content=\"summary_large_image\" \/>\n<meta name=\"twitter:label1\" content=\"Est. reading time\" \/>\n\t<meta name=\"twitter:data1\" content=\"1 minute\" \/>\n<script type=\"application\/ld+json\" class=\"yoast-schema-graph\">{\"@context\":\"https:\\\/\\\/schema.org\",\"@graph\":[{\"@type\":\"WebPage\",\"@id\":\"https:\\\/\\\/www.ki-management.com\\\/nachhaltigkeit\\\/\",\"url\":\"https:\\\/\\\/www.ki-management.com\\\/nachhaltigkeit\\\/\",\"name\":\"Nachhaltigkeit - K\u00f6lner Institut f\u00fcr Managementberatung\",\"isPartOf\":{\"@id\":\"https:\\\/\\\/www.ki-management.com\\\/#website\"},\"primaryImageOfPage\":{\"@id\":\"https:\\\/\\\/www.ki-management.com\\\/nachhaltigkeit\\\/#primaryimage\"},\"image\":{\"@id\":\"https:\\\/\\\/www.ki-management.com\\\/nachhaltigkeit\\\/#primaryimage\"},\"thumbnailUrl\":\"https:\\\/\\\/www.ki-management.com\\\/wp-content\\\/uploads\\\/2024\\\/11\\\/noah-buscher-x8ZStukS2PM-unsplash-scaled.jpg\",\"datePublished\":\"2024-10-10T08:29:15+00:00\",\"dateModified\":\"2025-01-06T09:39:47+00:00\",\"breadcrumb\":{\"@id\":\"https:\\\/\\\/www.ki-management.com\\\/nachhaltigkeit\\\/#breadcrumb\"},\"inLanguage\":\"en-US\",\"potentialAction\":[{\"@type\":\"ReadAction\",\"target\":[\"https:\\\/\\\/www.ki-management.com\\\/nachhaltigkeit\\\/\"]}]},{\"@type\":\"ImageObject\",\"inLanguage\":\"en-US\",\"@id\":\"https:\\\/\\\/www.ki-management.com\\\/nachhaltigkeit\\\/#primaryimage\",\"url\":\"https:\\\/\\\/www.ki-management.com\\\/wp-content\\\/uploads\\\/2024\\\/11\\\/noah-buscher-x8ZStukS2PM-unsplash-scaled.jpg\",\"contentUrl\":\"https:\\\/\\\/www.ki-management.com\\\/wp-content\\\/uploads\\\/2024\\\/11\\\/noah-buscher-x8ZStukS2PM-unsplash-scaled.jpg\"},{\"@type\":\"BreadcrumbList\",\"@id\":\"https:\\\/\\\/www.ki-management.com\\\/nachhaltigkeit\\\/#breadcrumb\",\"itemListElement\":[{\"@type\":\"ListItem\",\"position\":1,\"name\":\"Startseite\",\"item\":\"https:\\\/\\\/www.ki-management.com\\\/\"},{\"@type\":\"ListItem\",\"position\":2,\"name\":\"Nachhaltigkeit\"}]},{\"@type\":\"WebSite\",\"@id\":\"https:\\\/\\\/www.ki-management.com\\\/#website\",\"url\":\"https:\\\/\\\/www.ki-management.com\\\/\",\"name\":\"K\u00f6lner Institut f\u00fcr Managementberatung\",\"description\":\"\",\"publisher\":{\"@id\":\"https:\\\/\\\/www.ki-management.com\\\/#organization\"},\"potentialAction\":[{\"@type\":\"SearchAction\",\"target\":{\"@type\":\"EntryPoint\",\"urlTemplate\":\"https:\\\/\\\/www.ki-management.com\\\/?s={search_term_string}\"},\"query-input\":{\"@type\":\"PropertyValueSpecification\",\"valueRequired\":true,\"valueName\":\"search_term_string\"}}],\"inLanguage\":\"en-US\"},{\"@type\":\"Organization\",\"@id\":\"https:\\\/\\\/www.ki-management.com\\\/#organization\",\"name\":\"K\u00f6lner Institut f\u00fcr Managementberatung\",\"url\":\"https:\\\/\\\/www.ki-management.com\\\/\",\"logo\":{\"@type\":\"ImageObject\",\"inLanguage\":\"en-US\",\"@id\":\"https:\\\/\\\/www.ki-management.com\\\/#\\\/schema\\\/logo\\\/image\\\/\",\"url\":\"https:\\\/\\\/www.ki-management.com\\\/wp-content\\\/uploads\\\/2025\\\/05\\\/K.I.M_Logo_pos.svg\",\"contentUrl\":\"https:\\\/\\\/www.ki-management.com\\\/wp-content\\\/uploads\\\/2025\\\/05\\\/K.I.M_Logo_pos.svg\",\"width\":100,\"height\":100,\"caption\":\"K\u00f6lner Institut f\u00fcr Managementberatung\"},\"image\":{\"@id\":\"https:\\\/\\\/www.ki-management.com\\\/#\\\/schema\\\/logo\\\/image\\\/\"}}]}<\/script>\n<!-- \/ Yoast SEO plugin. -->","yoast_head_json":{"title":"Nachhaltigkeit - K\u00f6lner Institut f\u00fcr Managementberatung","robots":{"index":"index","follow":"follow","max-snippet":"max-snippet:-1","max-image-preview":"max-image-preview:large","max-video-preview":"max-video-preview:-1"},"canonical":"https:\/\/www.ki-management.com\/en\/nachhaltigkeit\/","og_locale":"en_US","og_type":"article","og_title":"Nachhaltigkeit - K\u00f6lner Institut f\u00fcr Managementberatung","og_description":"Das K\u00f6lner Institut f\u00fcr Managementberatung steht\u202ff\u00fcr \u00f6kologisches Handeln, soziales Engagement und nachhaltiges Lernen. Wir sind fest davon \u00fcberzeugt, dass Unternehmen eine bedeutende Rolle bei der Gestaltung einer verantwortungsvollen und zukunftsf\u00e4higen Gesellschaft spielen. Bei uns stehen deshalb die Themen Nachhaltigkeit, soziale Verantwortung und kontinuierliches Lernen im Mittelpunkt unserer Unternehmensphilosophie Das zeichnet uns aus","og_url":"https:\/\/www.ki-management.com\/en\/nachhaltigkeit\/","og_site_name":"K\u00f6lner Institut f\u00fcr Managementberatung","article_modified_time":"2025-01-06T09:39:47+00:00","og_image":[{"width":2560,"height":1466,"url":"https:\/\/www.ki-management.com\/wp-content\/uploads\/2024\/11\/noah-buscher-x8ZStukS2PM-unsplash-scaled.jpg","type":"image\/jpeg"}],"twitter_card":"summary_large_image","twitter_misc":{"Est. reading time":"1 minute"},"schema":{"@context":"https:\/\/schema.org","@graph":[{"@type":"WebPage","@id":"https:\/\/www.ki-management.com\/nachhaltigkeit\/","url":"https:\/\/www.ki-management.com\/nachhaltigkeit\/","name":"Nachhaltigkeit - K\u00f6lner Institut f\u00fcr Managementberatung","isPartOf":{"@id":"https:\/\/www.ki-management.com\/#website"},"primaryImageOfPage":{"@id":"https:\/\/www.ki-management.com\/nachhaltigkeit\/#primaryimage"},"image":{"@id":"https:\/\/www.ki-management.com\/nachhaltigkeit\/#primaryimage"},"thumbnailUrl":"https:\/\/www.ki-management.com\/wp-content\/uploads\/2024\/11\/noah-buscher-x8ZStukS2PM-unsplash-scaled.jpg","datePublished":"2024-10-10T08:29:15+00:00","dateModified":"2025-01-06T09:39:47+00:00","breadcrumb":{"@id":"https:\/\/www.ki-management.com\/nachhaltigkeit\/#breadcrumb"},"inLanguage":"en-US","potentialAction":[{"@type":"ReadAction","target":["https:\/\/www.ki-management.com\/nachhaltigkeit\/"]}]},{"@type":"ImageObject","inLanguage":"en-US","@id":"https:\/\/www.ki-management.com\/nachhaltigkeit\/#primaryimage","url":"https:\/\/www.ki-management.com\/wp-content\/uploads\/2024\/11\/noah-buscher-x8ZStukS2PM-unsplash-scaled.jpg","contentUrl":"https:\/\/www.ki-management.com\/wp-content\/uploads\/2024\/11\/noah-buscher-x8ZStukS2PM-unsplash-scaled.jpg"},{"@type":"BreadcrumbList","@id":"https:\/\/www.ki-management.com\/nachhaltigkeit\/#breadcrumb","itemListElement":[{"@type":"ListItem","position":1,"name":"Startseite","item":"https:\/\/www.ki-management.com\/"},{"@type":"ListItem","position":2,"name":"Nachhaltigkeit"}]},{"@type":"WebSite","@id":"https:\/\/www.ki-management.com\/#website","url":"https:\/\/www.ki-management.com\/","name":"Cologne Institute for Management Consulting","description":"","publisher":{"@id":"https:\/\/www.ki-management.com\/#organization"},"potentialAction":[{"@type":"SearchAction","target":{"@type":"EntryPoint","urlTemplate":"https:\/\/www.ki-management.com\/?s={search_term_string}"},"query-input":{"@type":"PropertyValueSpecification","valueRequired":true,"valueName":"search_term_string"}}],"inLanguage":"en-US"},{"@type":"Organization","@id":"https:\/\/www.ki-management.com\/#organization","name":"Cologne Institute for Management Consulting","url":"https:\/\/www.ki-management.com\/","logo":{"@type":"ImageObject","inLanguage":"en-US","@id":"https:\/\/www.ki-management.com\/#\/schema\/logo\/image\/","url":"https:\/\/www.ki-management.com\/wp-content\/uploads\/2025\/05\/K.I.M_Logo_pos.svg","contentUrl":"https:\/\/www.ki-management.com\/wp-content\/uploads\/2025\/05\/K.I.M_Logo_pos.svg","width":100,"height":100,"caption":"K\u00f6lner Institut f\u00fcr Managementberatung"},"image":{"@id":"https:\/\/www.ki-management.com\/#\/schema\/logo\/image\/"}}]}},"spectra_custom_meta":{"_edit_lock":["1757943980:4"],"_edit_last":["4"],"_generate-disable-headline":["true"],"_yoast_wpseo_estimated-reading-time-minutes":["1"],"_yoast_wpseo_content_score":["90"],"wp_statistics_words_count":["50"],"_uag_css_file_name":["uag-css-2794.css"],"_uagb_previous_block_counts":["a:90:{s:21:\"uagb\/advanced-heading\";i:0;s:15:\"uagb\/blockquote\";i:0;s:12:\"uagb\/buttons\";i:0;s:18:\"uagb\/buttons-child\";i:0;s:19:\"uagb\/call-to-action\";i:0;s:15:\"uagb\/cf7-styler\";i:0;s:11:\"uagb\/column\";i:0;s:12:\"uagb\/columns\";i:0;s:14:\"uagb\/container\";i:0;s:21:\"uagb\/content-timeline\";i:0;s:27:\"uagb\/content-timeline-child\";i:0;s:14:\"uagb\/countdown\";i:0;s:12:\"uagb\/counter\";i:0;s:8:\"uagb\/faq\";i:1;s:14:\"uagb\/faq-child\";i:3;s:10:\"uagb\/forms\";i:0;s:17:\"uagb\/forms-accept\";i:0;s:19:\"uagb\/forms-checkbox\";i:0;s:15:\"uagb\/forms-date\";i:0;s:16:\"uagb\/forms-email\";i:0;s:17:\"uagb\/forms-hidden\";i:0;s:15:\"uagb\/forms-name\";i:0;s:16:\"uagb\/forms-phone\";i:0;s:16:\"uagb\/forms-radio\";i:0;s:17:\"uagb\/forms-select\";i:0;s:19:\"uagb\/forms-textarea\";i:0;s:17:\"uagb\/forms-toggle\";i:0;s:14:\"uagb\/forms-url\";i:0;s:14:\"uagb\/gf-styler\";i:0;s:15:\"uagb\/google-map\";i:0;s:11:\"uagb\/how-to\";i:0;s:16:\"uagb\/how-to-step\";i:0;s:9:\"uagb\/icon\";i:0;s:14:\"uagb\/icon-list\";i:0;s:20:\"uagb\/icon-list-child\";i:0;s:10:\"uagb\/image\";i:0;s:18:\"uagb\/image-gallery\";i:0;s:13:\"uagb\/info-box\";i:0;s:18:\"uagb\/inline-notice\";i:0;s:11:\"uagb\/lottie\";i:0;s:21:\"uagb\/marketing-button\";i:0;s:10:\"uagb\/modal\";i:0;s:18:\"uagb\/popup-builder\";i:0;s:16:\"uagb\/post-button\";i:0;s:18:\"uagb\/post-carousel\";i:0;s:17:\"uagb\/post-excerpt\";i:0;s:14:\"uagb\/post-grid\";i:0;s:15:\"uagb\/post-image\";i:0;s:17:\"uagb\/post-masonry\";i:0;s:14:\"uagb\/post-meta\";i:0;s:18:\"uagb\/post-taxonomy\";i:0;s:18:\"uagb\/post-timeline\";i:0;s:15:\"uagb\/post-title\";i:0;s:20:\"uagb\/restaurant-menu\";i:0;s:26:\"uagb\/restaurant-menu-child\";i:0;s:11:\"uagb\/review\";i:0;s:12:\"uagb\/section\";i:0;s:14:\"uagb\/separator\";i:0;s:11:\"uagb\/slider\";i:0;s:17:\"uagb\/slider-child\";i:0;s:17:\"uagb\/social-share\";i:0;s:23:\"uagb\/social-share-child\";i:0;s:16:\"uagb\/star-rating\";i:0;s:23:\"uagb\/sure-cart-checkout\";i:0;s:22:\"uagb\/sure-cart-product\";i:0;s:15:\"uagb\/sure-forms\";i:0;s:22:\"uagb\/table-of-contents\";i:0;s:9:\"uagb\/tabs\";i:0;s:15:\"uagb\/tabs-child\";i:0;s:18:\"uagb\/taxonomy-list\";i:0;s:9:\"uagb\/team\";i:0;s:16:\"uagb\/testimonial\";i:0;s:14:\"uagb\/wp-search\";i:0;s:19:\"uagb\/instagram-feed\";i:0;s:10:\"uagb\/login\";i:0;s:17:\"uagb\/loop-builder\";i:0;s:18:\"uagb\/loop-category\";i:0;s:20:\"uagb\/loop-pagination\";i:0;s:15:\"uagb\/loop-reset\";i:0;s:16:\"uagb\/loop-search\";i:0;s:14:\"uagb\/loop-sort\";i:0;s:17:\"uagb\/loop-wrapper\";i:0;s:13:\"uagb\/register\";i:0;s:19:\"uagb\/register-email\";i:0;s:24:\"uagb\/register-first-name\";i:0;s:23:\"uagb\/register-last-name\";i:0;s:22:\"uagb\/register-password\";i:0;s:30:\"uagb\/register-reenter-password\";i:0;s:19:\"uagb\/register-terms\";i:0;s:22:\"uagb\/register-username\";i:0;}"],"_uagb_last_spectra_edit":["1777020810"]},"uagb_featured_image_src":{"full":false,"thumbnail":false,"medium":false,"medium_large":false,"large":false,"1536x1536":false,"2048x2048":false,"trp-custom-language-flag":false,"3-2-Thumb":false,"SquareThumb":false,"16-9-Thumb":false,"SquareBig":false,"16-9-Big":false},"uagb_author_info":{"display_name":"Kim Johannsen","author_link":"https:\/\/www.ki-management.com\/en\/author\/k-johannsen\/"},"uagb_comment_info":0,"uagb_excerpt":"Das K\u00f6lner Institut f\u00fcr Managementberatung steht\u202ff\u00fcr \u00f6kologisches Handeln, soziales Engagement und nachhaltiges Lernen. Wir sind fest davon \u00fcberzeugt, dass Unternehmen eine bedeutende Rolle bei der Gestaltung einer verantwortungsvollen und zukunftsf\u00e4higen Gesellschaft spielen. Bei uns stehen deshalb die Themen Nachhaltigkeit, soziale Verantwortung und kontinuierliches Lernen im Mittelpunkt unserer Unternehmensphilosophie Das zeichnet uns aus","_links":{"self":[{"href":"https:\/\/www.ki-management.com\/en\/wp-json\/wp\/v2\/pages\/2794","targetHints":{"allow":["GET"]}}],"collection":[{"href":"https:\/\/www.ki-management.com\/en\/wp-json\/wp\/v2\/pages"}],"about":[{"href":"https:\/\/www.ki-management.com\/en\/wp-json\/wp\/v2\/types\/page"}],"author":[{"embeddable":true,"href":"https:\/\/www.ki-management.com\/en\/wp-json\/wp\/v2\/users\/2"}],"replies":[{"embeddable":true,"href":"https:\/\/www.ki-management.com\/en\/wp-json\/wp\/v2\/comments?post=2794"}],"version-history":[{"count":9,"href":"https:\/\/www.ki-management.com\/en\/wp-json\/wp\/v2\/pages\/2794\/revisions"}],"predecessor-version":[{"id":4383,"href":"https:\/\/www.ki-management.com\/en\/wp-json\/wp\/v2\/pages\/2794\/revisions\/4383"}],"wp:attachment":[{"href":"https:\/\/www.ki-management.com\/en\/wp-json\/wp\/v2\/media?parent=2794"}],"curies":[{"name":"wp","href":"https:\/\/api.w.org\/{rel}","templated":true}]}}