{"id":2796,"date":"2024-10-10T10:30:27","date_gmt":"2024-10-10T08:30:27","guid":{"rendered":"https:\/\/kim-pilot.moveup.de\/?page_id=2796"},"modified":"2026-02-24T10:35:09","modified_gmt":"2026-02-24T09:35:09","slug":"erfolgsgeschichten","status":"publish","type":"page","link":"https:\/\/www.ki-management.com\/en\/erfolgsgeschichten\/","title":{"rendered":"Success stories"},"content":{"rendered":"<div class=\"wp-block-cover alignfull is-light\" style=\"min-height:364px;aspect-ratio:unset;\"><img loading=\"lazy\" decoding=\"async\" width=\"2560\" height=\"1707\" class=\"wp-block-cover__image-background wp-image-3609\" alt=\"\" src=\"https:\/\/www.ki-management.com\/wp-content\/uploads\/2024\/11\/bruce-mars-GzumspFznSE-unsplash-scaled.jpg\" style=\"object-position:54% 80%\" data-object-fit=\"cover\" data-object-position=\"54% 80%\" srcset=\"https:\/\/www.ki-management.com\/wp-content\/uploads\/2024\/11\/bruce-mars-GzumspFznSE-unsplash-scaled.jpg 2560w, https:\/\/www.ki-management.com\/wp-content\/uploads\/2024\/11\/bruce-mars-GzumspFznSE-unsplash-300x200.jpg 300w, https:\/\/www.ki-management.com\/wp-content\/uploads\/2024\/11\/bruce-mars-GzumspFznSE-unsplash-1024x683.jpg 1024w, https:\/\/www.ki-management.com\/wp-content\/uploads\/2024\/11\/bruce-mars-GzumspFznSE-unsplash-768x512.jpg 768w, https:\/\/www.ki-management.com\/wp-content\/uploads\/2024\/11\/bruce-mars-GzumspFznSE-unsplash-1536x1024.jpg 1536w, https:\/\/www.ki-management.com\/wp-content\/uploads\/2024\/11\/bruce-mars-GzumspFznSE-unsplash-2048x1365.jpg 2048w\" sizes=\"auto, (max-width: 2560px) 100vw, 2560px\" \/><span aria-hidden=\"true\" class=\"wp-block-cover__background has-background-dim\" style=\"background-color:#aea6a7\"><\/span><div class=\"wp-block-cover__inner-container is-layout-flow wp-block-cover-is-layout-flow\">\n<div class=\"wp-block-group\"><div class=\"wp-block-group__inner-container is-layout-constrained wp-block-group-is-layout-constrained\">\n<h3 class=\"wp-block-heading section-title left highlighted has-base-3-color has-text-color has-large-font-size\" style=\"font-style:normal;font-weight:900;text-transform:uppercase\">Success stories<\/h3>\n<\/div><\/div>\n<\/div><\/div>\n\n\n\n<div style=\"height:48px\" aria-hidden=\"true\" class=\"wp-block-spacer\"><\/div>\n\n\n\n<h4 class=\"wp-block-heading\">Lernen Sie unsere Arbeit anhand von echten Kundenstorys kennen.<br>Daf\u00fcr haben wir f\u00fcr Sie ausgew\u00e4hlte Cases aus verschiedenen Dienstleistungsbereichen zusammengestellt:<\/h4>\n\n\n\n<div style=\"height:25px\" aria-hidden=\"true\" class=\"wp-block-spacer\"><\/div>\n\n\n\n<div class=\"wp-block-group alignfull section\"><div class=\"wp-block-group__inner-container is-layout-constrained wp-block-group-is-layout-constrained\">\n<div class=\"wp-block-media-text is-stacked-on-mobile is-image-fill-element bighead left padded has-kim-5-background-color has-background\" style=\"grid-template-columns:40% auto\"><figure class=\"wp-block-media-text__media\"><img loading=\"lazy\" decoding=\"async\" width=\"1024\" height=\"768\" src=\"https:\/\/www.ki-management.com\/wp-content\/uploads\/2024\/12\/Tablet_neu-1024x768.jpg\" alt=\"\" class=\"wp-image-3847 size-full\" style=\"object-position:69% 88%\" srcset=\"https:\/\/www.ki-management.com\/wp-content\/uploads\/2024\/12\/Tablet_neu-1024x768.jpg 1024w, https:\/\/www.ki-management.com\/wp-content\/uploads\/2024\/12\/Tablet_neu-300x225.jpg 300w, https:\/\/www.ki-management.com\/wp-content\/uploads\/2024\/12\/Tablet_neu-768x576.jpg 768w, https:\/\/www.ki-management.com\/wp-content\/uploads\/2024\/12\/Tablet_neu-1536x1152.jpg 1536w, https:\/\/www.ki-management.com\/wp-content\/uploads\/2024\/12\/Tablet_neu-2048x1536.jpg 2048w, https:\/\/www.ki-management.com\/wp-content\/uploads\/2024\/12\/Tablet_neu-640x480.jpg 640w\" sizes=\"auto, (max-width: 1024px) 100vw, 1024px\" \/><\/figure><div class=\"wp-block-media-text__content\">\n<h5 class=\"wp-block-heading has-accent-color has-text-color has-medium-font-size\" style=\"font-style:normal;font-weight:900;text-transform:uppercase\">Assessment center for a talent development program<\/h5>\n\n\n\n<p>Efficient digital personnel selection at AOK Nord West.<\/p>\n\n\n\n<div class=\"wp-block-buttons is-content-justification-center is-layout-flex wp-container-core-buttons-is-layout-16018d1d wp-block-buttons-is-layout-flex\">\n<div class=\"wp-block-button\"><a class=\"wp-block-button__link wp-element-button\" href=\"https:\/\/www.ki-management.com\/en\/assessment-center-zur-auswahl-fuer-ein-talentfoerderprogramm\/\">Learn more<\/a><\/div>\n<\/div>\n<\/div><\/div>\n\n\n\n<div class=\"wp-block-media-text has-media-on-the-right is-stacked-on-mobile is-vertically-aligned-center is-image-fill-element bighead right padded has-kim-5-background-color has-background\" style=\"grid-template-columns:auto 40%\"><div class=\"wp-block-media-text__content\">\n<h5 class=\"wp-block-heading has-accent-color has-text-color has-medium-font-size\" style=\"font-style:normal;font-weight:900;text-transform:uppercase\">International Development Center <\/h5>\n\n\n\n<p>Sustainable personnel development at Hilti Logistics.<\/p>\n\n\n\n<div class=\"wp-block-buttons is-content-justification-center is-layout-flex wp-container-core-buttons-is-layout-16018d1d wp-block-buttons-is-layout-flex\">\n<div class=\"wp-block-button\"><a class=\"wp-block-button__link wp-element-button\" href=\"https:\/\/www.ki-management.com\/en\/internationales-development-center-fuer-hilti-logistics\/\">Learn more<\/a><\/div>\n<\/div>\n<\/div><figure class=\"wp-block-media-text__media\"><img loading=\"lazy\" decoding=\"async\" width=\"668\" height=\"283\" src=\"https:\/\/www.ki-management.com\/wp-content\/uploads\/2024\/10\/HILTI_Case_Development-Center.jpg\" alt=\"\" class=\"wp-image-3218 size-full\" style=\"object-position:50% 50%\" srcset=\"https:\/\/www.ki-management.com\/wp-content\/uploads\/2024\/10\/HILTI_Case_Development-Center.jpg 668w, https:\/\/www.ki-management.com\/wp-content\/uploads\/2024\/10\/HILTI_Case_Development-Center-300x127.jpg 300w\" sizes=\"auto, (max-width: 668px) 100vw, 668px\" \/><\/figure><\/div>\n\n\n\n<div class=\"wp-block-media-text is-stacked-on-mobile is-image-fill-element bighead left padded has-kim-5-background-color has-background\" style=\"grid-template-columns:40% auto\"><figure class=\"wp-block-media-text__media\"><img loading=\"lazy\" decoding=\"async\" width=\"1024\" height=\"512\" src=\"https:\/\/www.ki-management.com\/wp-content\/uploads\/2024\/10\/case-coba-1-1024x512.jpg\" alt=\"\" class=\"wp-image-3247 size-full\" style=\"object-position:50% 50%\" srcset=\"https:\/\/www.ki-management.com\/wp-content\/uploads\/2024\/10\/case-coba-1-1024x512.jpg 1024w, https:\/\/www.ki-management.com\/wp-content\/uploads\/2024\/10\/case-coba-1-300x150.jpg 300w, https:\/\/www.ki-management.com\/wp-content\/uploads\/2024\/10\/case-coba-1-768x384.jpg 768w, https:\/\/www.ki-management.com\/wp-content\/uploads\/2024\/10\/case-coba-1-1536x768.jpg 1536w, https:\/\/www.ki-management.com\/wp-content\/uploads\/2024\/10\/case-coba-1.jpg 2000w\" sizes=\"auto, (max-width: 1024px) 100vw, 1024px\" \/><\/figure><div class=\"wp-block-media-text__content\">\n<h5 class=\"wp-block-heading has-accent-color has-text-color has-medium-font-size\" style=\"font-style:normal;font-weight:900;text-transform:uppercase\">Selection process for initial training<\/h5>\n\n\n\n<p>Maximizing applicant quality at Commerzbank.<\/p>\n\n\n\n<div class=\"wp-block-buttons is-content-justification-center is-layout-flex wp-container-core-buttons-is-layout-16018d1d wp-block-buttons-is-layout-flex\">\n<div class=\"wp-block-button\"><a class=\"wp-block-button__link wp-element-button\" href=\"https:\/\/www.ki-management.com\/en\/auswahlprozesses-fuer-die-erstausbildung-der-commerzbank\/\">Learn more<\/a><\/div>\n<\/div>\n<\/div><\/div>\n\n\n\n<div class=\"wp-block-media-text has-media-on-the-right is-stacked-on-mobile is-vertically-aligned-center is-image-fill-element bighead right padded has-kim-5-background-color has-background\" style=\"grid-template-columns:auto 40%\"><div class=\"wp-block-media-text__content\">\n<h5 class=\"wp-block-heading has-accent-color has-text-color has-medium-font-size\" style=\"font-style:normal;font-weight:900;text-transform:uppercase\">Virtual onboarding at Conet<\/h5>\n\n\n\n<p>Experience-oriented introduction to CONET\u2019s corporate culture.<\/p>\n\n\n\n<div class=\"wp-block-buttons is-content-justification-center is-layout-flex wp-container-core-buttons-is-layout-16018d1d wp-block-buttons-is-layout-flex\">\n<div class=\"wp-block-button\"><a class=\"wp-block-button__link wp-element-button\" href=\"https:\/\/www.ki-management.com\/en\/virtuelles-onboarding-fuer-conet\/\">Learn more<\/a><\/div>\n<\/div>\n<\/div><figure class=\"wp-block-media-text__media\"><img loading=\"lazy\" decoding=\"async\" width=\"1024\" height=\"683\" src=\"https:\/\/www.ki-management.com\/wp-content\/uploads\/2025\/01\/pexels-zusammenhalt-haende-1024x683.jpeg\" alt=\"\" class=\"wp-image-4783 size-full\" style=\"object-position:50% 50%\" srcset=\"https:\/\/www.ki-management.com\/wp-content\/uploads\/2025\/01\/pexels-zusammenhalt-haende-1024x683.jpeg 1024w, https:\/\/www.ki-management.com\/wp-content\/uploads\/2025\/01\/pexels-zusammenhalt-haende-300x200.jpeg 300w, https:\/\/www.ki-management.com\/wp-content\/uploads\/2025\/01\/pexels-zusammenhalt-haende-768x512.jpeg 768w, https:\/\/www.ki-management.com\/wp-content\/uploads\/2025\/01\/pexels-zusammenhalt-haende.jpeg 1125w\" sizes=\"auto, (max-width: 1024px) 100vw, 1024px\" \/><\/figure><\/div>\n<\/div><\/div>\n\n\n\n<p><\/p>","protected":false},"excerpt":{"rendered":"<p>Lernen Sie unsere Arbeit anhand von echten Kundenstorys kennen.Daf\u00fcr haben wir f\u00fcr Sie ausgew\u00e4hlte Cases aus verschiedenen Dienstleistungsbereichen zusammengestellt: Assessment Center f\u00fcr ein Talentf\u00f6rderungsprogramm Effiziente digitale Personalauswahl bei der AOK Nord West. Internationales Development Center Nachhaltige Personalentwicklung bei Hilti Logistics. Auswahlprozess f\u00fcr die Erstausbildung Maximierung der Bewerberqualit\u00e4t bei der Commerzbank. Virtuelles Onboarding bei Conet Erlebnisorientierten &#8230; <a title=\"Success stories\" class=\"read-more\" href=\"https:\/\/www.ki-management.com\/en\/erfolgsgeschichten\/\" aria-label=\"Read more about success stories\">Read more\u2026<\/a><\/p>","protected":false},"author":2,"featured_media":0,"parent":0,"menu_order":0,"comment_status":"closed","ping_status":"closed","template":"","meta":{"inline_featured_image":false,"_uag_custom_page_level_css":"","footnotes":""},"class_list":["post-2796","page","type-page","status-publish"],"yoast_head":"<!-- This site is optimized with the Yoast SEO plugin v27.5 - https:\/\/yoast.com\/product\/yoast-seo-wordpress\/ -->\n<title>Erfolgsgeschichten - K\u00f6lner Institut f\u00fcr Managementberatung<\/title>\n<meta name=\"description\" content=\"Lernen Sie die Methoden des KI.M anhand von echten Kunden-Erfolgsgeschichten kennen: Vom digitalen Assessment bis zur Change-Begleitung.\" \/>\n<meta name=\"robots\" content=\"index, follow, max-snippet:-1, max-image-preview:large, max-video-preview:-1\" \/>\n<link rel=\"canonical\" href=\"https:\/\/www.ki-management.com\/en\/erfolgsgeschichten\/\" \/>\n<meta property=\"og:locale\" content=\"en_US\" \/>\n<meta property=\"og:type\" content=\"article\" \/>\n<meta property=\"og:title\" content=\"Erfolgsgeschichten - K\u00f6lner Institut f\u00fcr Managementberatung\" \/>\n<meta property=\"og:description\" content=\"Lernen Sie die Methoden des KI.M anhand von echten Kunden-Erfolgsgeschichten kennen: Vom digitalen Assessment bis zur Change-Begleitung.\" \/>\n<meta property=\"og:url\" content=\"https:\/\/www.ki-management.com\/en\/erfolgsgeschichten\/\" \/>\n<meta property=\"og:site_name\" content=\"K\u00f6lner Institut f\u00fcr Managementberatung\" \/>\n<meta property=\"article:modified_time\" content=\"2026-02-24T09:35:09+00:00\" \/>\n<meta property=\"og:image\" content=\"https:\/\/www.ki-management.com\/wp-content\/uploads\/2024\/11\/bruce-mars-GzumspFznSE-unsplash-scaled.jpg\" \/>\n\t<meta property=\"og:image:width\" content=\"2560\" \/>\n\t<meta property=\"og:image:height\" content=\"1707\" \/>\n\t<meta property=\"og:image:type\" content=\"image\/jpeg\" \/>\n<meta name=\"twitter:card\" content=\"summary_large_image\" \/>\n<meta name=\"twitter:label1\" content=\"Est. reading time\" \/>\n\t<meta name=\"twitter:data1\" content=\"2 minutes\" \/>\n<script type=\"application\/ld+json\" class=\"yoast-schema-graph\">{\"@context\":\"https:\\\/\\\/schema.org\",\"@graph\":[{\"@type\":\"WebPage\",\"@id\":\"https:\\\/\\\/www.ki-management.com\\\/erfolgsgeschichten\\\/\",\"url\":\"https:\\\/\\\/www.ki-management.com\\\/erfolgsgeschichten\\\/\",\"name\":\"Erfolgsgeschichten - K\u00f6lner Institut f\u00fcr Managementberatung\",\"isPartOf\":{\"@id\":\"https:\\\/\\\/www.ki-management.com\\\/#website\"},\"primaryImageOfPage\":{\"@id\":\"https:\\\/\\\/www.ki-management.com\\\/erfolgsgeschichten\\\/#primaryimage\"},\"image\":{\"@id\":\"https:\\\/\\\/www.ki-management.com\\\/erfolgsgeschichten\\\/#primaryimage\"},\"thumbnailUrl\":\"https:\\\/\\\/www.ki-management.com\\\/wp-content\\\/uploads\\\/2024\\\/11\\\/bruce-mars-GzumspFznSE-unsplash-scaled.jpg\",\"datePublished\":\"2024-10-10T08:30:27+00:00\",\"dateModified\":\"2026-02-24T09:35:09+00:00\",\"description\":\"Lernen Sie die Methoden des KI.M anhand von echten Kunden-Erfolgsgeschichten kennen: Vom digitalen Assessment bis zur Change-Begleitung.\",\"breadcrumb\":{\"@id\":\"https:\\\/\\\/www.ki-management.com\\\/erfolgsgeschichten\\\/#breadcrumb\"},\"inLanguage\":\"en-US\",\"potentialAction\":[{\"@type\":\"ReadAction\",\"target\":[\"https:\\\/\\\/www.ki-management.com\\\/erfolgsgeschichten\\\/\"]}]},{\"@type\":\"ImageObject\",\"inLanguage\":\"en-US\",\"@id\":\"https:\\\/\\\/www.ki-management.com\\\/erfolgsgeschichten\\\/#primaryimage\",\"url\":\"https:\\\/\\\/www.ki-management.com\\\/wp-content\\\/uploads\\\/2024\\\/11\\\/bruce-mars-GzumspFznSE-unsplash-scaled.jpg\",\"contentUrl\":\"https:\\\/\\\/www.ki-management.com\\\/wp-content\\\/uploads\\\/2024\\\/11\\\/bruce-mars-GzumspFznSE-unsplash-scaled.jpg\"},{\"@type\":\"BreadcrumbList\",\"@id\":\"https:\\\/\\\/www.ki-management.com\\\/erfolgsgeschichten\\\/#breadcrumb\",\"itemListElement\":[{\"@type\":\"ListItem\",\"position\":1,\"name\":\"Startseite\",\"item\":\"https:\\\/\\\/www.ki-management.com\\\/\"},{\"@type\":\"ListItem\",\"position\":2,\"name\":\"Erfolgsgeschichten\"}]},{\"@type\":\"WebSite\",\"@id\":\"https:\\\/\\\/www.ki-management.com\\\/#website\",\"url\":\"https:\\\/\\\/www.ki-management.com\\\/\",\"name\":\"K\u00f6lner Institut f\u00fcr Managementberatung\",\"description\":\"\",\"publisher\":{\"@id\":\"https:\\\/\\\/www.ki-management.com\\\/#organization\"},\"potentialAction\":[{\"@type\":\"SearchAction\",\"target\":{\"@type\":\"EntryPoint\",\"urlTemplate\":\"https:\\\/\\\/www.ki-management.com\\\/?s={search_term_string}\"},\"query-input\":{\"@type\":\"PropertyValueSpecification\",\"valueRequired\":true,\"valueName\":\"search_term_string\"}}],\"inLanguage\":\"en-US\"},{\"@type\":\"Organization\",\"@id\":\"https:\\\/\\\/www.ki-management.com\\\/#organization\",\"name\":\"K\u00f6lner Institut f\u00fcr Managementberatung\",\"url\":\"https:\\\/\\\/www.ki-management.com\\\/\",\"logo\":{\"@type\":\"ImageObject\",\"inLanguage\":\"en-US\",\"@id\":\"https:\\\/\\\/www.ki-management.com\\\/#\\\/schema\\\/logo\\\/image\\\/\",\"url\":\"https:\\\/\\\/www.ki-management.com\\\/wp-content\\\/uploads\\\/2025\\\/05\\\/K.I.M_Logo_pos.svg\",\"contentUrl\":\"https:\\\/\\\/www.ki-management.com\\\/wp-content\\\/uploads\\\/2025\\\/05\\\/K.I.M_Logo_pos.svg\",\"width\":100,\"height\":100,\"caption\":\"K\u00f6lner Institut f\u00fcr Managementberatung\"},\"image\":{\"@id\":\"https:\\\/\\\/www.ki-management.com\\\/#\\\/schema\\\/logo\\\/image\\\/\"}}]}<\/script>\n<!-- \/ Yoast SEO plugin. -->","yoast_head_json":{"title":"Erfolgsgeschichten - K\u00f6lner Institut f\u00fcr Managementberatung","description":"Lernen Sie die Methoden des KI.M anhand von echten Kunden-Erfolgsgeschichten kennen: Vom digitalen Assessment bis zur Change-Begleitung.","robots":{"index":"index","follow":"follow","max-snippet":"max-snippet:-1","max-image-preview":"max-image-preview:large","max-video-preview":"max-video-preview:-1"},"canonical":"https:\/\/www.ki-management.com\/en\/erfolgsgeschichten\/","og_locale":"en_US","og_type":"article","og_title":"Erfolgsgeschichten - K\u00f6lner Institut f\u00fcr Managementberatung","og_description":"Lernen Sie die Methoden des KI.M anhand von echten Kunden-Erfolgsgeschichten kennen: Vom digitalen Assessment bis zur Change-Begleitung.","og_url":"https:\/\/www.ki-management.com\/en\/erfolgsgeschichten\/","og_site_name":"K\u00f6lner Institut f\u00fcr Managementberatung","article_modified_time":"2026-02-24T09:35:09+00:00","og_image":[{"width":2560,"height":1707,"url":"https:\/\/www.ki-management.com\/wp-content\/uploads\/2024\/11\/bruce-mars-GzumspFznSE-unsplash-scaled.jpg","type":"image\/jpeg"}],"twitter_card":"summary_large_image","twitter_misc":{"Est. reading time":"2 minutes"},"schema":{"@context":"https:\/\/schema.org","@graph":[{"@type":"WebPage","@id":"https:\/\/www.ki-management.com\/erfolgsgeschichten\/","url":"https:\/\/www.ki-management.com\/erfolgsgeschichten\/","name":"Erfolgsgeschichten - K\u00f6lner Institut f\u00fcr Managementberatung","isPartOf":{"@id":"https:\/\/www.ki-management.com\/#website"},"primaryImageOfPage":{"@id":"https:\/\/www.ki-management.com\/erfolgsgeschichten\/#primaryimage"},"image":{"@id":"https:\/\/www.ki-management.com\/erfolgsgeschichten\/#primaryimage"},"thumbnailUrl":"https:\/\/www.ki-management.com\/wp-content\/uploads\/2024\/11\/bruce-mars-GzumspFznSE-unsplash-scaled.jpg","datePublished":"2024-10-10T08:30:27+00:00","dateModified":"2026-02-24T09:35:09+00:00","description":"Lernen Sie die Methoden des KI.M anhand von echten Kunden-Erfolgsgeschichten kennen: Vom digitalen Assessment bis zur Change-Begleitung.","breadcrumb":{"@id":"https:\/\/www.ki-management.com\/erfolgsgeschichten\/#breadcrumb"},"inLanguage":"en-US","potentialAction":[{"@type":"ReadAction","target":["https:\/\/www.ki-management.com\/erfolgsgeschichten\/"]}]},{"@type":"ImageObject","inLanguage":"en-US","@id":"https:\/\/www.ki-management.com\/erfolgsgeschichten\/#primaryimage","url":"https:\/\/www.ki-management.com\/wp-content\/uploads\/2024\/11\/bruce-mars-GzumspFznSE-unsplash-scaled.jpg","contentUrl":"https:\/\/www.ki-management.com\/wp-content\/uploads\/2024\/11\/bruce-mars-GzumspFznSE-unsplash-scaled.jpg"},{"@type":"BreadcrumbList","@id":"https:\/\/www.ki-management.com\/erfolgsgeschichten\/#breadcrumb","itemListElement":[{"@type":"ListItem","position":1,"name":"Startseite","item":"https:\/\/www.ki-management.com\/"},{"@type":"ListItem","position":2,"name":"Erfolgsgeschichten"}]},{"@type":"WebSite","@id":"https:\/\/www.ki-management.com\/#website","url":"https:\/\/www.ki-management.com\/","name":"Cologne Institute for Management Consulting","description":"","publisher":{"@id":"https:\/\/www.ki-management.com\/#organization"},"potentialAction":[{"@type":"SearchAction","target":{"@type":"EntryPoint","urlTemplate":"https:\/\/www.ki-management.com\/?s={search_term_string}"},"query-input":{"@type":"PropertyValueSpecification","valueRequired":true,"valueName":"search_term_string"}}],"inLanguage":"en-US"},{"@type":"Organization","@id":"https:\/\/www.ki-management.com\/#organization","name":"Cologne Institute for Management Consulting","url":"https:\/\/www.ki-management.com\/","logo":{"@type":"ImageObject","inLanguage":"en-US","@id":"https:\/\/www.ki-management.com\/#\/schema\/logo\/image\/","url":"https:\/\/www.ki-management.com\/wp-content\/uploads\/2025\/05\/K.I.M_Logo_pos.svg","contentUrl":"https:\/\/www.ki-management.com\/wp-content\/uploads\/2025\/05\/K.I.M_Logo_pos.svg","width":100,"height":100,"caption":"K\u00f6lner Institut f\u00fcr Managementberatung"},"image":{"@id":"https:\/\/www.ki-management.com\/#\/schema\/logo\/image\/"}}]}},"spectra_custom_meta":{"_edit_lock":["1771925710:4"],"_edit_last":["4"],"_generate-disable-headline":["true"],"_yoast_wpseo_estimated-reading-time-minutes":["2"],"_yoast_wpseo_content_score":["90"],"cmplz_hide_cookiebanner":[""],"_yoast_wpseo_focuskw":["Erfolgsgeschichten"],"_yoast_wpseo_metadesc":["Lernen Sie die Methoden des KI.M anhand von echten Kunden-Erfolgsgeschichten kennen: Vom digitalen Assessment bis zur Change-Begleitung."],"_yoast_wpseo_linkdex":["54"],"wp_statistics_words_count":["58"],"_uag_css_file_name":["uag-css-2796.css"],"_uagb_previous_block_counts":["a:90:{s:21:\"uagb\/advanced-heading\";i:0;s:15:\"uagb\/blockquote\";i:0;s:12:\"uagb\/buttons\";i:0;s:18:\"uagb\/buttons-child\";i:0;s:19:\"uagb\/call-to-action\";i:0;s:15:\"uagb\/cf7-styler\";i:0;s:11:\"uagb\/column\";i:0;s:12:\"uagb\/columns\";i:0;s:14:\"uagb\/container\";i:0;s:21:\"uagb\/content-timeline\";i:0;s:27:\"uagb\/content-timeline-child\";i:0;s:14:\"uagb\/countdown\";i:0;s:12:\"uagb\/counter\";i:0;s:8:\"uagb\/faq\";i:0;s:14:\"uagb\/faq-child\";i:0;s:10:\"uagb\/forms\";i:0;s:17:\"uagb\/forms-accept\";i:0;s:19:\"uagb\/forms-checkbox\";i:0;s:15:\"uagb\/forms-date\";i:0;s:16:\"uagb\/forms-email\";i:0;s:17:\"uagb\/forms-hidden\";i:0;s:15:\"uagb\/forms-name\";i:0;s:16:\"uagb\/forms-phone\";i:0;s:16:\"uagb\/forms-radio\";i:0;s:17:\"uagb\/forms-select\";i:0;s:19:\"uagb\/forms-textarea\";i:0;s:17:\"uagb\/forms-toggle\";i:0;s:14:\"uagb\/forms-url\";i:0;s:14:\"uagb\/gf-styler\";i:0;s:15:\"uagb\/google-map\";i:0;s:11:\"uagb\/how-to\";i:0;s:16:\"uagb\/how-to-step\";i:0;s:9:\"uagb\/icon\";i:0;s:14:\"uagb\/icon-list\";i:0;s:20:\"uagb\/icon-list-child\";i:0;s:10:\"uagb\/image\";i:0;s:18:\"uagb\/image-gallery\";i:0;s:13:\"uagb\/info-box\";i:0;s:18:\"uagb\/inline-notice\";i:0;s:11:\"uagb\/lottie\";i:0;s:21:\"uagb\/marketing-button\";i:0;s:10:\"uagb\/modal\";i:0;s:18:\"uagb\/popup-builder\";i:0;s:16:\"uagb\/post-button\";i:0;s:18:\"uagb\/post-carousel\";i:0;s:17:\"uagb\/post-excerpt\";i:0;s:14:\"uagb\/post-grid\";i:0;s:15:\"uagb\/post-image\";i:0;s:17:\"uagb\/post-masonry\";i:0;s:14:\"uagb\/post-meta\";i:0;s:18:\"uagb\/post-taxonomy\";i:0;s:18:\"uagb\/post-timeline\";i:0;s:15:\"uagb\/post-title\";i:0;s:20:\"uagb\/restaurant-menu\";i:0;s:26:\"uagb\/restaurant-menu-child\";i:0;s:11:\"uagb\/review\";i:0;s:12:\"uagb\/section\";i:0;s:14:\"uagb\/separator\";i:0;s:11:\"uagb\/slider\";i:0;s:17:\"uagb\/slider-child\";i:0;s:17:\"uagb\/social-share\";i:0;s:23:\"uagb\/social-share-child\";i:0;s:16:\"uagb\/star-rating\";i:0;s:23:\"uagb\/sure-cart-checkout\";i:0;s:22:\"uagb\/sure-cart-product\";i:0;s:15:\"uagb\/sure-forms\";i:0;s:22:\"uagb\/table-of-contents\";i:0;s:9:\"uagb\/tabs\";i:0;s:15:\"uagb\/tabs-child\";i:0;s:18:\"uagb\/taxonomy-list\";i:0;s:9:\"uagb\/team\";i:0;s:16:\"uagb\/testimonial\";i:0;s:14:\"uagb\/wp-search\";i:0;s:19:\"uagb\/instagram-feed\";i:0;s:10:\"uagb\/login\";i:0;s:17:\"uagb\/loop-builder\";i:0;s:18:\"uagb\/loop-category\";i:0;s:20:\"uagb\/loop-pagination\";i:0;s:15:\"uagb\/loop-reset\";i:0;s:16:\"uagb\/loop-search\";i:0;s:14:\"uagb\/loop-sort\";i:0;s:17:\"uagb\/loop-wrapper\";i:0;s:13:\"uagb\/register\";i:0;s:19:\"uagb\/register-email\";i:0;s:24:\"uagb\/register-first-name\";i:0;s:23:\"uagb\/register-last-name\";i:0;s:22:\"uagb\/register-password\";i:0;s:30:\"uagb\/register-reenter-password\";i:0;s:19:\"uagb\/register-terms\";i:0;s:22:\"uagb\/register-username\";i:0;}"]},"uagb_featured_image_src":{"full":false,"thumbnail":false,"medium":false,"medium_large":false,"large":false,"1536x1536":false,"2048x2048":false,"trp-custom-language-flag":false,"3-2-Thumb":false,"SquareThumb":false,"16-9-Thumb":false,"SquareBig":false,"16-9-Big":false},"uagb_author_info":{"display_name":"Kim Johannsen","author_link":"https:\/\/www.ki-management.com\/en\/author\/k-johannsen\/"},"uagb_comment_info":0,"uagb_excerpt":"Lernen Sie unsere Arbeit anhand von echten Kundenstorys kennen.Daf\u00fcr haben wir f\u00fcr Sie ausgew\u00e4hlte Cases aus verschiedenen Dienstleistungsbereichen zusammengestellt: Assessment Center f\u00fcr ein Talentf\u00f6rderungsprogramm Effiziente digitale Personalauswahl bei der AOK Nord West. Internationales Development Center Nachhaltige Personalentwicklung bei Hilti Logistics. Auswahlprozess f\u00fcr die Erstausbildung Maximierung der Bewerberqualit\u00e4t bei der Commerzbank. Virtuelles Onboarding bei Conet Erlebnisorientierten&hellip;","_links":{"self":[{"href":"https:\/\/www.ki-management.com\/en\/wp-json\/wp\/v2\/pages\/2796","targetHints":{"allow":["GET"]}}],"collection":[{"href":"https:\/\/www.ki-management.com\/en\/wp-json\/wp\/v2\/pages"}],"about":[{"href":"https:\/\/www.ki-management.com\/en\/wp-json\/wp\/v2\/types\/page"}],"author":[{"embeddable":true,"href":"https:\/\/www.ki-management.com\/en\/wp-json\/wp\/v2\/users\/2"}],"replies":[{"embeddable":true,"href":"https:\/\/www.ki-management.com\/en\/wp-json\/wp\/v2\/comments?post=2796"}],"version-history":[{"count":28,"href":"https:\/\/www.ki-management.com\/en\/wp-json\/wp\/v2\/pages\/2796\/revisions"}],"predecessor-version":[{"id":5724,"href":"https:\/\/www.ki-management.com\/en\/wp-json\/wp\/v2\/pages\/2796\/revisions\/5724"}],"wp:attachment":[{"href":"https:\/\/www.ki-management.com\/en\/wp-json\/wp\/v2\/media?parent=2796"}],"curies":[{"name":"wp","href":"https:\/\/api.w.org\/{rel}","templated":true}]}}