{"id":2800,"date":"2024-10-10T10:31:09","date_gmt":"2024-10-10T08:31:09","guid":{"rendered":"https:\/\/kim-pilot.moveup.de\/?page_id=2800"},"modified":"2026-02-24T12:44:50","modified_gmt":"2026-02-24T11:44:50","slug":"kooperationen","status":"publish","type":"page","link":"https:\/\/www.ki-management.com\/en\/kooperationen\/","title":{"rendered":"Cooperations"},"content":{"rendered":"<div class=\"wp-block-cover alignfull is-light\"><img loading=\"lazy\" decoding=\"async\" width=\"2560\" height=\"1707\" class=\"wp-block-cover__image-background wp-image-3611\" alt=\"\" src=\"https:\/\/www.ki-management.com\/wp-content\/uploads\/2024\/11\/vardan-papikyan-GFxyhSxsnek-unsplash-scaled.jpg\" style=\"object-position:54% 55%\" data-object-fit=\"cover\" data-object-position=\"54% 55%\" srcset=\"https:\/\/www.ki-management.com\/wp-content\/uploads\/2024\/11\/vardan-papikyan-GFxyhSxsnek-unsplash-scaled.jpg 2560w, https:\/\/www.ki-management.com\/wp-content\/uploads\/2024\/11\/vardan-papikyan-GFxyhSxsnek-unsplash-300x200.jpg 300w, https:\/\/www.ki-management.com\/wp-content\/uploads\/2024\/11\/vardan-papikyan-GFxyhSxsnek-unsplash-1024x683.jpg 1024w, https:\/\/www.ki-management.com\/wp-content\/uploads\/2024\/11\/vardan-papikyan-GFxyhSxsnek-unsplash-768x512.jpg 768w, https:\/\/www.ki-management.com\/wp-content\/uploads\/2024\/11\/vardan-papikyan-GFxyhSxsnek-unsplash-1536x1024.jpg 1536w, https:\/\/www.ki-management.com\/wp-content\/uploads\/2024\/11\/vardan-papikyan-GFxyhSxsnek-unsplash-2048x1365.jpg 2048w\" sizes=\"auto, (max-width: 2560px) 100vw, 2560px\" \/><span aria-hidden=\"true\" class=\"wp-block-cover__background has-background-dim\" style=\"background-color:#aea6a7\"><\/span><div class=\"wp-block-cover__inner-container is-layout-flow wp-block-cover-is-layout-flow\">\n<div class=\"wp-block-group\"><div class=\"wp-block-group__inner-container is-layout-constrained wp-block-group-is-layout-constrained\">\n<h3 class=\"wp-block-heading section-title left highlighted has-base-3-color has-text-color has-large-font-size\" style=\"font-style:normal;font-weight:900;text-transform:uppercase\">Cooperations<\/h3>\n<\/div><\/div>\n<\/div><\/div>\n\n\n\n<div style=\"height:72px\" aria-hidden=\"true\" class=\"wp-block-spacer\"><\/div>\n\n\n\n<p>Seit einem Vierteljahrhundert schreibt das KI.M erfolgreich HR-Geschichte und verhilft Unternehmen und Mitarbeitenden zu h\u00f6herer Leistung und mehr Zufriedenheit. Durch den Anschluss an die <a href=\"https:\/\/acture.de\/\">Acture Germany GmbH<\/a> begehen wir 2024 einen bedeutsamen Schritt f\u00fcr die Zukunft des KI.M: Die gemeinsame Partnerschaft markiert nicht nur einen wichtigen Meilenstein in unserer Geschichte, sondern auch eine vielversprechende Fortsetzung und Erweiterung unserer Mission f\u00fcr die n\u00e4chsten 25 Jahre und dar\u00fcber hinaus.<\/p>\n\n\n\n<p>Im vergangenen Jahr hat Acture Germany mit der \u00dcbernahme von moveUp und evermood bereits den Grundstein f\u00fcr ein \u201eemployee welfare management\u201c in Deutschland gelegt. Durch die junge und dynamische Unternehmenskultur, gepaart mit hoch professionellen Dienstleistungen, ergibt sich ein \u201eperfect Match\u201c zwischen Acture und dem KI.M.<\/p>\n\n\n\n<div style=\"height:50px\" aria-hidden=\"true\" class=\"wp-block-spacer\"><\/div>\n\n\n\n<div class=\"wp-block-media-text is-stacked-on-mobile bighead left padded has-base-3-background-color has-background\" style=\"grid-template-columns:30% auto\"><figure class=\"wp-block-media-text__media\"><img loading=\"lazy\" decoding=\"async\" width=\"2300\" height=\"497\" src=\"https:\/\/www.ki-management.com\/wp-content\/uploads\/2024\/11\/Acture_Logo__Gradient-Donker-1.png\" alt=\"\" class=\"wp-image-3573 size-full\" srcset=\"https:\/\/www.ki-management.com\/wp-content\/uploads\/2024\/11\/Acture_Logo__Gradient-Donker-1.png 2300w, https:\/\/www.ki-management.com\/wp-content\/uploads\/2024\/11\/Acture_Logo__Gradient-Donker-1-300x65.png 300w, https:\/\/www.ki-management.com\/wp-content\/uploads\/2024\/11\/Acture_Logo__Gradient-Donker-1-1024x221.png 1024w, https:\/\/www.ki-management.com\/wp-content\/uploads\/2024\/11\/Acture_Logo__Gradient-Donker-1-768x166.png 768w, https:\/\/www.ki-management.com\/wp-content\/uploads\/2024\/11\/Acture_Logo__Gradient-Donker-1-1536x332.png 1536w, https:\/\/www.ki-management.com\/wp-content\/uploads\/2024\/11\/Acture_Logo__Gradient-Donker-1-2048x443.png 2048w\" sizes=\"auto, (max-width: 2300px) 100vw, 2300px\" \/><\/figure><div class=\"wp-block-media-text__content\">\n<h3 class=\"wp-block-heading has-accent-color has-text-color has-medium-font-size\" style=\"font-style:normal;font-weight:900;text-transform:uppercase\">About Acture<\/h3>\n\n\n\n<p>Acture Germany ist ein Spezialist f\u00fcr ganzheitliches betriebliches Gesundheitsmanagement und Mitarbeiterwohlbefinden. Als Teil der internationalen Acture\u2011Gruppe unterst\u00fctzt das Unternehmen Arbeitgeber dabei, die mentale, physische, finanzielle und berufliche Gesundheit ihrer Mitarbeitenden nachhaltig zu st\u00e4rken. Kern des Angebots ist das Employee Welfare Program (EWP), ein dreistufiges, datenbasiertes Konzept, das Pr\u00e4vention, fr\u00fchzeitige Unterst\u00fctzung und ma\u00dfgeschneiderte Intervention intelligent verbindet. Die Mission von Acture Germany ist es, Unternehmen eine effiziente und praxisnahe L\u00f6sung f\u00fcr Gesundheitsmanagement zu bieten \u2013 mit dem Ziel, Krankheitsausf\u00e4lle zu reduzieren, Resilienz zu f\u00f6rdern und eine gesunde, leistungsf\u00e4hige Belegschaft zu schaffen.<br>\u00a0<br>With certified occupational health services such as keesz, ArdoSZ, and VerzuimWeg, Acture has the expertise to bring out the best in organizations and people by making employees happy in their work. Ascot Advies is Acture&#039;s specialist in social security consulting: from absence management and sustainable employability to related insurance.<\/p>\n<\/div><\/div>\n\n\n\n<div class=\"wp-block-media-text has-media-on-the-right is-stacked-on-mobile is-vertically-aligned-center is-image-fill-element bighead right padded has-base-3-background-color has-background\" style=\"grid-template-columns:auto 30%\"><div class=\"wp-block-media-text__content\">\n<h3 class=\"wp-block-heading has-accent-color has-text-color has-medium-font-size\" style=\"font-style:normal;font-weight:900;text-transform:uppercase\">\u00dcber KI.TEST<\/h3>\n\n\n\n<p>The\u00a0<strong><a href=\"https:\/\/ki-test.com\/\">KI.TEST GmbH<\/a><\/strong>\u00a0ist als Spin-off aus unserem Institut hervorgegangen und wurde von\u00a0einem\u00a0ehemaligen KI.M-Berater gegr\u00fcndet. Als Spezialist f\u00fcr Eignungsdiagnostik entwickelt KI.TEST\u00a0unter anderem\u00a0wissenschaftlich fundierte, <a href=\"https:\/\/www.ki-management.com\/en\/testsysteme\/\">psychometrische\u00a0Testverfahren<\/a> zur Leistungs- und Pers\u00f6nlichkeitserfassung, die wir regelm\u00e4\u00dfig in unseren Auswahlprozessen einsetzen. Durch diese enge Verzahnung k\u00f6nnen wir unseren Kunden diagnostische Instrumente bieten, die unseren hohen Qualit\u00e4tsanspr\u00fcchen an Validit\u00e4t und Praxisn\u00e4he entsprechen.\u00a0<\/p>\n<\/div><figure class=\"wp-block-media-text__media\"><img loading=\"lazy\" decoding=\"async\" width=\"1024\" height=\"1024\" src=\"https:\/\/www.ki-management.com\/wp-content\/uploads\/2026\/02\/R_Logo_KI-TEST_CMYK-1024x1024.jpg\" alt=\"\" class=\"wp-image-5690 size-full\" style=\"object-position:50% 50%\" srcset=\"https:\/\/www.ki-management.com\/wp-content\/uploads\/2026\/02\/R_Logo_KI-TEST_CMYK-1024x1024.jpg 1024w, https:\/\/www.ki-management.com\/wp-content\/uploads\/2026\/02\/R_Logo_KI-TEST_CMYK-300x300.jpg 300w, https:\/\/www.ki-management.com\/wp-content\/uploads\/2026\/02\/R_Logo_KI-TEST_CMYK-150x150.jpg 150w, https:\/\/www.ki-management.com\/wp-content\/uploads\/2026\/02\/R_Logo_KI-TEST_CMYK-768x768.jpg 768w, https:\/\/www.ki-management.com\/wp-content\/uploads\/2026\/02\/R_Logo_KI-TEST_CMYK-1536x1536.jpg 1536w, https:\/\/www.ki-management.com\/wp-content\/uploads\/2026\/02\/R_Logo_KI-TEST_CMYK-12x12.jpg 12w, https:\/\/www.ki-management.com\/wp-content\/uploads\/2026\/02\/R_Logo_KI-TEST_CMYK-960x960.jpg 960w, https:\/\/www.ki-management.com\/wp-content\/uploads\/2026\/02\/R_Logo_KI-TEST_CMYK.jpg 1700w\" sizes=\"auto, (max-width: 1024px) 100vw, 1024px\" \/><\/figure><\/div>\n\n\n\n<div class=\"wp-block-media-text is-stacked-on-mobile bighead left padded has-base-3-background-color has-background\" style=\"grid-template-columns:30% auto\"><figure class=\"wp-block-media-text__media\"><img loading=\"lazy\" decoding=\"async\" width=\"1012\" height=\"347\" src=\"https:\/\/www.ki-management.com\/wp-content\/uploads\/2026\/02\/KI-BIT_Logo_mit_Schriftzug_rechts-002.png\" alt=\"\" class=\"wp-image-5696 size-full\" srcset=\"https:\/\/www.ki-management.com\/wp-content\/uploads\/2026\/02\/KI-BIT_Logo_mit_Schriftzug_rechts-002.png 1012w, https:\/\/www.ki-management.com\/wp-content\/uploads\/2026\/02\/KI-BIT_Logo_mit_Schriftzug_rechts-002-300x103.png 300w, https:\/\/www.ki-management.com\/wp-content\/uploads\/2026\/02\/KI-BIT_Logo_mit_Schriftzug_rechts-002-768x263.png 768w, https:\/\/www.ki-management.com\/wp-content\/uploads\/2026\/02\/KI-BIT_Logo_mit_Schriftzug_rechts-002-18x6.png 18w\" sizes=\"auto, (max-width: 1012px) 100vw, 1012px\" \/><\/figure><div class=\"wp-block-media-text__content\">\n<h3 class=\"wp-block-heading has-accent-color has-text-color has-medium-font-size\" style=\"font-style:normal;font-weight:900;text-transform:uppercase\">\u00dcber KI.BIT<\/h3>\n\n\n\n<p>Auch die\u00a0<strong><a href=\"https:\/\/www.ki-bit.com\/\">KI.BIT<\/a><\/strong>\u00a0hat ihre Wurzeln im KI.M\u00a0und unterst\u00fctzt\u00a0die technologische Seite der Personalarbeit. Das Unternehmen entwickelt innovative Softwarel\u00f6sungen f\u00fcr die Personaldiagnostik. Wir nutzen in unseren Projekten \u2013 etwa bei Assessment Centern \u2013 regelm\u00e4\u00dfig Tools wie die Tablet-Software\u00a0<strong>KI.PAT<\/strong>, um Beobachtungsprozesse effizient, papierlos und digital zu gestalten.\u00a0<\/p>\n<\/div><\/div>","protected":false},"excerpt":{"rendered":"<p>For a quarter of a century, KI.M has been successfully making HR history, helping companies and employees achieve higher performance and greater satisfaction. By merging with Acture Germany GmbH in 2024, we are taking a significant step for the future of KI.M: This joint partnership marks not only an important milestone in our history, but also a promising continuation... <a title=\"Cooperations\" class=\"read-more\" href=\"https:\/\/www.ki-management.com\/en\/kooperationen\/\" aria-label=\"Read more about cooperations\">Read more\u2026<\/a><\/p>","protected":false},"author":2,"featured_media":0,"parent":0,"menu_order":0,"comment_status":"closed","ping_status":"closed","template":"","meta":{"inline_featured_image":false,"_uag_custom_page_level_css":"","footnotes":""},"class_list":["post-2800","page","type-page","status-publish"],"yoast_head":"<!-- This site is optimized with the Yoast SEO plugin v27.5 - https:\/\/yoast.com\/product\/yoast-seo-wordpress\/ -->\n<title>Kooperationen - K\u00f6lner Institut f\u00fcr Managementberatung<\/title>\n<meta name=\"description\" content=\"Seit einem Vierteljahrhundert schreibt das KI.M erfolgreich HR-Geschichte. Durch den Anschluss an die Acture Germany GmbH 2024...\" \/>\n<meta name=\"robots\" content=\"index, follow, max-snippet:-1, max-image-preview:large, max-video-preview:-1\" \/>\n<link rel=\"canonical\" href=\"https:\/\/www.ki-management.com\/en\/kooperationen\/\" \/>\n<meta property=\"og:locale\" content=\"en_US\" \/>\n<meta property=\"og:type\" content=\"article\" \/>\n<meta property=\"og:title\" content=\"Kooperationen - K\u00f6lner Institut f\u00fcr Managementberatung\" \/>\n<meta property=\"og:description\" content=\"Seit einem Vierteljahrhundert schreibt das KI.M erfolgreich HR-Geschichte. Durch den Anschluss an die Acture Germany GmbH 2024...\" \/>\n<meta property=\"og:url\" content=\"https:\/\/www.ki-management.com\/en\/kooperationen\/\" \/>\n<meta property=\"og:site_name\" content=\"K\u00f6lner Institut f\u00fcr Managementberatung\" \/>\n<meta property=\"article:modified_time\" content=\"2026-02-24T11:44:50+00:00\" \/>\n<meta property=\"og:image\" content=\"https:\/\/www.ki-management.com\/wp-content\/uploads\/2024\/11\/vardan-papikyan-GFxyhSxsnek-unsplash-scaled.jpg\" \/>\n\t<meta property=\"og:image:width\" content=\"2560\" \/>\n\t<meta property=\"og:image:height\" content=\"1707\" \/>\n\t<meta property=\"og:image:type\" content=\"image\/jpeg\" \/>\n<meta name=\"twitter:card\" content=\"summary_large_image\" \/>\n<meta name=\"twitter:label1\" content=\"Est. reading time\" \/>\n\t<meta name=\"twitter:data1\" content=\"3 minutes\" \/>\n<script type=\"application\/ld+json\" class=\"yoast-schema-graph\">{\"@context\":\"https:\\\/\\\/schema.org\",\"@graph\":[{\"@type\":\"WebPage\",\"@id\":\"https:\\\/\\\/www.ki-management.com\\\/kooperationen\\\/\",\"url\":\"https:\\\/\\\/www.ki-management.com\\\/kooperationen\\\/\",\"name\":\"Kooperationen - K\u00f6lner Institut f\u00fcr Managementberatung\",\"isPartOf\":{\"@id\":\"https:\\\/\\\/www.ki-management.com\\\/#website\"},\"primaryImageOfPage\":{\"@id\":\"https:\\\/\\\/www.ki-management.com\\\/kooperationen\\\/#primaryimage\"},\"image\":{\"@id\":\"https:\\\/\\\/www.ki-management.com\\\/kooperationen\\\/#primaryimage\"},\"thumbnailUrl\":\"https:\\\/\\\/www.ki-management.com\\\/wp-content\\\/uploads\\\/2024\\\/11\\\/vardan-papikyan-GFxyhSxsnek-unsplash-scaled.jpg\",\"datePublished\":\"2024-10-10T08:31:09+00:00\",\"dateModified\":\"2026-02-24T11:44:50+00:00\",\"description\":\"Seit einem Vierteljahrhundert schreibt das KI.M erfolgreich HR-Geschichte. Durch den Anschluss an die Acture Germany GmbH 2024...\",\"breadcrumb\":{\"@id\":\"https:\\\/\\\/www.ki-management.com\\\/kooperationen\\\/#breadcrumb\"},\"inLanguage\":\"en-US\",\"potentialAction\":[{\"@type\":\"ReadAction\",\"target\":[\"https:\\\/\\\/www.ki-management.com\\\/kooperationen\\\/\"]}]},{\"@type\":\"ImageObject\",\"inLanguage\":\"en-US\",\"@id\":\"https:\\\/\\\/www.ki-management.com\\\/kooperationen\\\/#primaryimage\",\"url\":\"https:\\\/\\\/www.ki-management.com\\\/wp-content\\\/uploads\\\/2024\\\/11\\\/vardan-papikyan-GFxyhSxsnek-unsplash-scaled.jpg\",\"contentUrl\":\"https:\\\/\\\/www.ki-management.com\\\/wp-content\\\/uploads\\\/2024\\\/11\\\/vardan-papikyan-GFxyhSxsnek-unsplash-scaled.jpg\"},{\"@type\":\"BreadcrumbList\",\"@id\":\"https:\\\/\\\/www.ki-management.com\\\/kooperationen\\\/#breadcrumb\",\"itemListElement\":[{\"@type\":\"ListItem\",\"position\":1,\"name\":\"Startseite\",\"item\":\"https:\\\/\\\/www.ki-management.com\\\/\"},{\"@type\":\"ListItem\",\"position\":2,\"name\":\"Kooperationen\"}]},{\"@type\":\"WebSite\",\"@id\":\"https:\\\/\\\/www.ki-management.com\\\/#website\",\"url\":\"https:\\\/\\\/www.ki-management.com\\\/\",\"name\":\"K\u00f6lner Institut f\u00fcr Managementberatung\",\"description\":\"\",\"publisher\":{\"@id\":\"https:\\\/\\\/www.ki-management.com\\\/#organization\"},\"potentialAction\":[{\"@type\":\"SearchAction\",\"target\":{\"@type\":\"EntryPoint\",\"urlTemplate\":\"https:\\\/\\\/www.ki-management.com\\\/?s={search_term_string}\"},\"query-input\":{\"@type\":\"PropertyValueSpecification\",\"valueRequired\":true,\"valueName\":\"search_term_string\"}}],\"inLanguage\":\"en-US\"},{\"@type\":\"Organization\",\"@id\":\"https:\\\/\\\/www.ki-management.com\\\/#organization\",\"name\":\"K\u00f6lner Institut f\u00fcr Managementberatung\",\"url\":\"https:\\\/\\\/www.ki-management.com\\\/\",\"logo\":{\"@type\":\"ImageObject\",\"inLanguage\":\"en-US\",\"@id\":\"https:\\\/\\\/www.ki-management.com\\\/#\\\/schema\\\/logo\\\/image\\\/\",\"url\":\"https:\\\/\\\/www.ki-management.com\\\/wp-content\\\/uploads\\\/2025\\\/05\\\/K.I.M_Logo_pos.svg\",\"contentUrl\":\"https:\\\/\\\/www.ki-management.com\\\/wp-content\\\/uploads\\\/2025\\\/05\\\/K.I.M_Logo_pos.svg\",\"width\":100,\"height\":100,\"caption\":\"K\u00f6lner Institut f\u00fcr Managementberatung\"},\"image\":{\"@id\":\"https:\\\/\\\/www.ki-management.com\\\/#\\\/schema\\\/logo\\\/image\\\/\"}}]}<\/script>\n<!-- \/ Yoast SEO plugin. -->","yoast_head_json":{"title":"Kooperationen - K\u00f6lner Institut f\u00fcr Managementberatung","description":"Seit einem Vierteljahrhundert schreibt das KI.M erfolgreich HR-Geschichte. Durch den Anschluss an die Acture Germany GmbH 2024...","robots":{"index":"index","follow":"follow","max-snippet":"max-snippet:-1","max-image-preview":"max-image-preview:large","max-video-preview":"max-video-preview:-1"},"canonical":"https:\/\/www.ki-management.com\/en\/kooperationen\/","og_locale":"en_US","og_type":"article","og_title":"Kooperationen - K\u00f6lner Institut f\u00fcr Managementberatung","og_description":"Seit einem Vierteljahrhundert schreibt das KI.M erfolgreich HR-Geschichte. Durch den Anschluss an die Acture Germany GmbH 2024...","og_url":"https:\/\/www.ki-management.com\/en\/kooperationen\/","og_site_name":"K\u00f6lner Institut f\u00fcr Managementberatung","article_modified_time":"2026-02-24T11:44:50+00:00","og_image":[{"width":2560,"height":1707,"url":"https:\/\/www.ki-management.com\/wp-content\/uploads\/2024\/11\/vardan-papikyan-GFxyhSxsnek-unsplash-scaled.jpg","type":"image\/jpeg"}],"twitter_card":"summary_large_image","twitter_misc":{"Est. reading time":"3 minutes"},"schema":{"@context":"https:\/\/schema.org","@graph":[{"@type":"WebPage","@id":"https:\/\/www.ki-management.com\/kooperationen\/","url":"https:\/\/www.ki-management.com\/kooperationen\/","name":"Kooperationen - K\u00f6lner Institut f\u00fcr Managementberatung","isPartOf":{"@id":"https:\/\/www.ki-management.com\/#website"},"primaryImageOfPage":{"@id":"https:\/\/www.ki-management.com\/kooperationen\/#primaryimage"},"image":{"@id":"https:\/\/www.ki-management.com\/kooperationen\/#primaryimage"},"thumbnailUrl":"https:\/\/www.ki-management.com\/wp-content\/uploads\/2024\/11\/vardan-papikyan-GFxyhSxsnek-unsplash-scaled.jpg","datePublished":"2024-10-10T08:31:09+00:00","dateModified":"2026-02-24T11:44:50+00:00","description":"Seit einem Vierteljahrhundert schreibt das KI.M erfolgreich HR-Geschichte. Durch den Anschluss an die Acture Germany GmbH 2024...","breadcrumb":{"@id":"https:\/\/www.ki-management.com\/kooperationen\/#breadcrumb"},"inLanguage":"en-US","potentialAction":[{"@type":"ReadAction","target":["https:\/\/www.ki-management.com\/kooperationen\/"]}]},{"@type":"ImageObject","inLanguage":"en-US","@id":"https:\/\/www.ki-management.com\/kooperationen\/#primaryimage","url":"https:\/\/www.ki-management.com\/wp-content\/uploads\/2024\/11\/vardan-papikyan-GFxyhSxsnek-unsplash-scaled.jpg","contentUrl":"https:\/\/www.ki-management.com\/wp-content\/uploads\/2024\/11\/vardan-papikyan-GFxyhSxsnek-unsplash-scaled.jpg"},{"@type":"BreadcrumbList","@id":"https:\/\/www.ki-management.com\/kooperationen\/#breadcrumb","itemListElement":[{"@type":"ListItem","position":1,"name":"Startseite","item":"https:\/\/www.ki-management.com\/"},{"@type":"ListItem","position":2,"name":"Kooperationen"}]},{"@type":"WebSite","@id":"https:\/\/www.ki-management.com\/#website","url":"https:\/\/www.ki-management.com\/","name":"Cologne Institute for Management Consulting","description":"","publisher":{"@id":"https:\/\/www.ki-management.com\/#organization"},"potentialAction":[{"@type":"SearchAction","target":{"@type":"EntryPoint","urlTemplate":"https:\/\/www.ki-management.com\/?s={search_term_string}"},"query-input":{"@type":"PropertyValueSpecification","valueRequired":true,"valueName":"search_term_string"}}],"inLanguage":"en-US"},{"@type":"Organization","@id":"https:\/\/www.ki-management.com\/#organization","name":"Cologne Institute for Management Consulting","url":"https:\/\/www.ki-management.com\/","logo":{"@type":"ImageObject","inLanguage":"en-US","@id":"https:\/\/www.ki-management.com\/#\/schema\/logo\/image\/","url":"https:\/\/www.ki-management.com\/wp-content\/uploads\/2025\/05\/K.I.M_Logo_pos.svg","contentUrl":"https:\/\/www.ki-management.com\/wp-content\/uploads\/2025\/05\/K.I.M_Logo_pos.svg","width":100,"height":100,"caption":"K\u00f6lner Institut f\u00fcr Managementberatung"},"image":{"@id":"https:\/\/www.ki-management.com\/#\/schema\/logo\/image\/"}}]}},"spectra_custom_meta":{"_edit_lock":["1771933494:4"],"_edit_last":["4"],"_generate-disable-headline":["true"],"_yoast_wpseo_estimated-reading-time-minutes":["3"],"_yoast_wpseo_content_score":["60"],"cmplz_hide_cookiebanner":[""],"_yoast_wpseo_focuskw":["Acture"],"_yoast_wpseo_linkdex":["72"],"_yoast_wpseo_metadesc":["Seit einem Vierteljahrhundert schreibt das KI.M erfolgreich HR-Geschichte. Durch den Anschluss an die Acture Germany GmbH 2024..."],"_uag_css_file_name":["uag-css-2800.css"],"_uagb_previous_block_counts":["a:90:{s:21:\"uagb\/advanced-heading\";i:0;s:15:\"uagb\/blockquote\";i:0;s:12:\"uagb\/buttons\";i:0;s:18:\"uagb\/buttons-child\";i:0;s:19:\"uagb\/call-to-action\";i:0;s:15:\"uagb\/cf7-styler\";i:0;s:11:\"uagb\/column\";i:0;s:12:\"uagb\/columns\";i:0;s:14:\"uagb\/container\";i:0;s:21:\"uagb\/content-timeline\";i:0;s:27:\"uagb\/content-timeline-child\";i:0;s:14:\"uagb\/countdown\";i:0;s:12:\"uagb\/counter\";i:0;s:8:\"uagb\/faq\";i:0;s:14:\"uagb\/faq-child\";i:0;s:10:\"uagb\/forms\";i:0;s:17:\"uagb\/forms-accept\";i:0;s:19:\"uagb\/forms-checkbox\";i:0;s:15:\"uagb\/forms-date\";i:0;s:16:\"uagb\/forms-email\";i:0;s:17:\"uagb\/forms-hidden\";i:0;s:15:\"uagb\/forms-name\";i:0;s:16:\"uagb\/forms-phone\";i:0;s:16:\"uagb\/forms-radio\";i:0;s:17:\"uagb\/forms-select\";i:0;s:19:\"uagb\/forms-textarea\";i:0;s:17:\"uagb\/forms-toggle\";i:0;s:14:\"uagb\/forms-url\";i:0;s:14:\"uagb\/gf-styler\";i:0;s:15:\"uagb\/google-map\";i:0;s:11:\"uagb\/how-to\";i:0;s:16:\"uagb\/how-to-step\";i:0;s:9:\"uagb\/icon\";i:0;s:14:\"uagb\/icon-list\";i:0;s:20:\"uagb\/icon-list-child\";i:0;s:10:\"uagb\/image\";i:0;s:18:\"uagb\/image-gallery\";i:0;s:13:\"uagb\/info-box\";i:0;s:18:\"uagb\/inline-notice\";i:0;s:11:\"uagb\/lottie\";i:0;s:21:\"uagb\/marketing-button\";i:0;s:10:\"uagb\/modal\";i:0;s:18:\"uagb\/popup-builder\";i:0;s:16:\"uagb\/post-button\";i:0;s:18:\"uagb\/post-carousel\";i:0;s:17:\"uagb\/post-excerpt\";i:0;s:14:\"uagb\/post-grid\";i:0;s:15:\"uagb\/post-image\";i:0;s:17:\"uagb\/post-masonry\";i:0;s:14:\"uagb\/post-meta\";i:0;s:18:\"uagb\/post-taxonomy\";i:0;s:18:\"uagb\/post-timeline\";i:0;s:15:\"uagb\/post-title\";i:0;s:20:\"uagb\/restaurant-menu\";i:0;s:26:\"uagb\/restaurant-menu-child\";i:0;s:11:\"uagb\/review\";i:0;s:12:\"uagb\/section\";i:0;s:14:\"uagb\/separator\";i:0;s:11:\"uagb\/slider\";i:0;s:17:\"uagb\/slider-child\";i:0;s:17:\"uagb\/social-share\";i:0;s:23:\"uagb\/social-share-child\";i:0;s:16:\"uagb\/star-rating\";i:0;s:23:\"uagb\/sure-cart-checkout\";i:0;s:22:\"uagb\/sure-cart-product\";i:0;s:15:\"uagb\/sure-forms\";i:0;s:22:\"uagb\/table-of-contents\";i:0;s:9:\"uagb\/tabs\";i:0;s:15:\"uagb\/tabs-child\";i:0;s:18:\"uagb\/taxonomy-list\";i:0;s:9:\"uagb\/team\";i:0;s:16:\"uagb\/testimonial\";i:0;s:14:\"uagb\/wp-search\";i:0;s:19:\"uagb\/instagram-feed\";i:0;s:10:\"uagb\/login\";i:0;s:17:\"uagb\/loop-builder\";i:0;s:18:\"uagb\/loop-category\";i:0;s:20:\"uagb\/loop-pagination\";i:0;s:15:\"uagb\/loop-reset\";i:0;s:16:\"uagb\/loop-search\";i:0;s:14:\"uagb\/loop-sort\";i:0;s:17:\"uagb\/loop-wrapper\";i:0;s:13:\"uagb\/register\";i:0;s:19:\"uagb\/register-email\";i:0;s:24:\"uagb\/register-first-name\";i:0;s:23:\"uagb\/register-last-name\";i:0;s:22:\"uagb\/register-password\";i:0;s:30:\"uagb\/register-reenter-password\";i:0;s:19:\"uagb\/register-terms\";i:0;s:22:\"uagb\/register-username\";i:0;}"],"_uag_page_assets":["a:9:{s:3:\"css\";s:260:\".uag-blocks-common-selector{z-index:var(--z-index-desktop) !important}@media(max-width: 976px){.uag-blocks-common-selector{z-index:var(--z-index-tablet) !important}}@media(max-width: 767px){.uag-blocks-common-selector{z-index:var(--z-index-mobile) !important}}\";s:2:\"js\";s:0:\"\";s:18:\"current_block_list\";a:8:{i:0;s:10:\"core\/cover\";i:1;s:10:\"core\/group\";i:2;s:12:\"core\/heading\";i:3;s:11:\"core\/spacer\";i:4;s:14:\"core\/paragraph\";i:5;s:15:\"core\/media-text\";i:6;s:12:\"core\/columns\";i:7;s:11:\"core\/column\";}s:8:\"uag_flag\";b:0;s:11:\"uag_version\";s:10:\"1777549919\";s:6:\"gfonts\";a:0:{}s:10:\"gfonts_url\";s:0:\"\";s:12:\"gfonts_files\";a:0:{}s:14:\"uag_faq_layout\";b:0;}"]},"uagb_featured_image_src":{"full":false,"thumbnail":false,"medium":false,"medium_large":false,"large":false,"1536x1536":false,"2048x2048":false,"trp-custom-language-flag":false,"3-2-Thumb":false,"SquareThumb":false,"16-9-Thumb":false,"SquareBig":false,"16-9-Big":false},"uagb_author_info":{"display_name":"Kim Johannsen","author_link":"https:\/\/www.ki-management.com\/en\/author\/k-johannsen\/"},"uagb_comment_info":0,"uagb_excerpt":"Seit einem Vierteljahrhundert schreibt das KI.M erfolgreich HR-Geschichte und verhilft Unternehmen und Mitarbeitenden zu h\u00f6herer Leistung und mehr Zufriedenheit. Durch den Anschluss an die Acture Germany GmbH begehen wir 2024 einen bedeutsamen Schritt f\u00fcr die Zukunft des KI.M: Die gemeinsame Partnerschaft markiert nicht nur einen wichtigen Meilenstein in unserer Geschichte, sondern auch eine vielversprechende Fortsetzung&hellip;","_links":{"self":[{"href":"https:\/\/www.ki-management.com\/en\/wp-json\/wp\/v2\/pages\/2800","targetHints":{"allow":["GET"]}}],"collection":[{"href":"https:\/\/www.ki-management.com\/en\/wp-json\/wp\/v2\/pages"}],"about":[{"href":"https:\/\/www.ki-management.com\/en\/wp-json\/wp\/v2\/types\/page"}],"author":[{"embeddable":true,"href":"https:\/\/www.ki-management.com\/en\/wp-json\/wp\/v2\/users\/2"}],"replies":[{"embeddable":true,"href":"https:\/\/www.ki-management.com\/en\/wp-json\/wp\/v2\/comments?post=2800"}],"version-history":[{"count":11,"href":"https:\/\/www.ki-management.com\/en\/wp-json\/wp\/v2\/pages\/2800\/revisions"}],"predecessor-version":[{"id":5748,"href":"https:\/\/www.ki-management.com\/en\/wp-json\/wp\/v2\/pages\/2800\/revisions\/5748"}],"wp:attachment":[{"href":"https:\/\/www.ki-management.com\/en\/wp-json\/wp\/v2\/media?parent=2800"}],"curies":[{"name":"wp","href":"https:\/\/api.w.org\/{rel}","templated":true}]}}