{"id":2808,"date":"2024-10-10T10:32:59","date_gmt":"2024-10-10T08:32:59","guid":{"rendered":"https:\/\/kim-pilot.moveup.de\/?page_id=2808"},"modified":"2025-04-16T14:15:58","modified_gmt":"2025-04-16T12:15:58","slug":"rooftop-talk","status":"publish","type":"page","link":"https:\/\/www.ki-management.com\/en\/rooftop-talk\/","title":{"rendered":"Rooftop Talk"},"content":{"rendered":"<div class=\"wp-block-cover alignfull is-light\"><span aria-hidden=\"true\" class=\"wp-block-cover__background has-background-dim\" style=\"background-color:#aea6a7\"><\/span><img loading=\"lazy\" decoding=\"async\" width=\"2560\" height=\"512\" class=\"wp-block-cover__image-background wp-image-3970\" alt=\"\" src=\"https:\/\/www.ki-management.com\/wp-content\/uploads\/2024\/12\/rooftop-talk-scaled.jpg\" style=\"object-position:38% 44%\" data-object-fit=\"cover\" data-object-position=\"38% 44%\" srcset=\"https:\/\/www.ki-management.com\/wp-content\/uploads\/2024\/12\/rooftop-talk-scaled.jpg 2560w, https:\/\/www.ki-management.com\/wp-content\/uploads\/2024\/12\/rooftop-talk-300x60.jpg 300w, https:\/\/www.ki-management.com\/wp-content\/uploads\/2024\/12\/rooftop-talk-1024x205.jpg 1024w, https:\/\/www.ki-management.com\/wp-content\/uploads\/2024\/12\/rooftop-talk-768x154.jpg 768w, https:\/\/www.ki-management.com\/wp-content\/uploads\/2024\/12\/rooftop-talk-1536x307.jpg 1536w, https:\/\/www.ki-management.com\/wp-content\/uploads\/2024\/12\/rooftop-talk-2048x410.jpg 2048w\" sizes=\"auto, (max-width: 2560px) 100vw, 2560px\" \/><div class=\"wp-block-cover__inner-container is-layout-flow wp-block-cover-is-layout-flow\">\n<div class=\"wp-block-group\"><div class=\"wp-block-group__inner-container is-layout-constrained wp-block-group-is-layout-constrained\">\n<h3 class=\"wp-block-heading section-title left highlighted has-base-3-color has-text-color has-large-font-size\" style=\"font-style:normal;font-weight:900;text-transform:uppercase\">Rooftop talk<\/h3>\n<\/div><\/div>\n<\/div><\/div>\n\n\n\n<div style=\"height:48px\" aria-hidden=\"true\" class=\"wp-block-spacer\"><\/div>\n\n\n\n<h3 class=\"wp-block-heading has-text-align-center animated fadeInRightBig has-accent-color has-text-color\" style=\"font-style:normal;font-weight:900;text-transform:uppercase\"><strong>Inspiring exchange above the rooftops of Cologne \u2013 <\/strong><br><strong>Join us at our next event!<\/strong><\/h3>\n\n\n\n<div style=\"height:34px\" aria-hidden=\"true\" class=\"wp-block-spacer\"><\/div>\n\n\n\n<p class=\"has-text-align-center\">Immerse yourself in an inspiring HR world full of <strong>new impulses, ideas and a lively exchange<\/strong> on the current challenges of human resources management. From artificial intelligence to transformation to everything that this fast-paced world brings with it: In addition to exciting insights from invited experts, we offer you the opportunity to exchange ideas in a relaxed atmosphere every first Wednesday of the month.<\/p>\n\n\n\n<p class=\"has-text-align-center\"><strong>Together we discuss<\/strong> about challenges, solutions, and new innovations. Different perspectives<strong> <\/strong>The participants from different industries also enable them to think outside the box.<\/p>\n\n\n\n<div style=\"height:28px\" aria-hidden=\"true\" class=\"wp-block-spacer\"><\/div>\n\n\n\n<div class=\"wp-block-group has-kim-5-background-color has-background\"><div class=\"wp-block-group__inner-container is-layout-constrained wp-block-group-is-layout-constrained\">\n<h5 class=\"wp-block-heading has-text-align-center\"><strong>Everyone who is interested in an exciting exchange in the spirit of innovative and solution-oriented thinking is cordially invited. <\/strong><br><strong>With a view of the cathedral, culinary accompaniment and cool drinks, we provide a setting at eye level.<\/strong><\/h5>\n<\/div><\/div>\n\n\n\n<div style=\"height:34px\" aria-hidden=\"true\" class=\"wp-block-spacer\"><\/div>\n\n\n\n<p class=\"has-text-align-center\">During our events you can expect promising <strong>Initiators,<\/strong> ranging from former Olympians to postdocs, and <strong>transfer their diverse experiences to the HR world.<\/strong>If you&#039;re short on time for the next event, or would like to regularly be inspired and discuss HR issues, you&#039;re cordially invited to our other Rooftop Talks!<\/p>\n\n\n\n<p class=\"has-text-align-center\">Be there and register using the contact form below or by contacting your contact person at KI.M.<\/p>\n\n\n\n<div style=\"height:18px\" aria-hidden=\"true\" class=\"wp-block-spacer\"><\/div>\n\n\n\n<div class=\"wp-block-group has-kim-5-background-color has-background\"><div class=\"wp-block-group__inner-container is-layout-constrained wp-block-group-is-layout-constrained\">\n<div class=\"wp-block-columns is-layout-flex wp-container-core-columns-is-layout-9d6595d7 wp-block-columns-is-layout-flex\">\n<div class=\"wp-block-column is-vertically-aligned-center is-layout-flow wp-block-column-is-layout-flow\" style=\"flex-basis:33.33%\">      \n\t\t\t<div class=\"uagb-icon-wrapper uagb-block-667884b9\"\n\t\t\tstyle=\"\" >\n\t\t\t\t\t\t\t\t\t<span class=\"uagb-svg-wrapper\" \n\t\t\t\t\t aria-label=\"calendar-days\"\t\t\t\t\ttabindex=\"0\">\t\t\n\t\t\t\t\t\t\t\t\t\t<svg xmlns=\"https:\/\/www.w3.org\/2000\/svg\" viewbox= \"0 0 448 512\" role=\"graphics-symbol\" aria-hidden=\"false\" aria-label=\"\"><path d=\"M160 32V64H288V32C288 14.33 302.3 0 320 0C337.7 0 352 14.33 352 32V64H400C426.5 64 448 85.49 448 112V160H0V112C0 85.49 21.49 64 48 64H96V32C96 14.33 110.3 0 128 0C145.7 0 160 14.33 160 32zM0 192H448V464C448 490.5 426.5 512 400 512H48C21.49 512 0 490.5 0 464V192zM64 304C64 312.8 71.16 320 80 320H112C120.8 320 128 312.8 128 304V272C128 263.2 120.8 256 112 256H80C71.16 256 64 263.2 64 272V304zM192 304C192 312.8 199.2 320 208 320H240C248.8 320 256 312.8 256 304V272C256 263.2 248.8 256 240 256H208C199.2 256 192 263.2 192 272V304zM336 256C327.2 256 320 263.2 320 272V304C320 312.8 327.2 320 336 320H368C376.8 320 384 312.8 384 304V272C384 263.2 376.8 256 368 256H336zM64 432C64 440.8 71.16 448 80 448H112C120.8 448 128 440.8 128 432V400C128 391.2 120.8 384 112 384H80C71.16 384 64 391.2 64 400V432zM208 384C199.2 384 192 391.2 192 400V432C192 440.8 199.2 448 208 448H240C248.8 448 256 440.8 256 432V400C256 391.2 248.8 384 240 384H208zM320 432C320 440.8 327.2 448 336 448H368C376.8 448 384 440.8 384 432V400C384 391.2 376.8 384 368 384H336C327.2 384 320 391.2 320 400V432z\"><\/path><\/svg>\n\t\t\t\t\t\t\t\t\t<\/span>\n\t\t\t\t\t\t\t<\/div>\n\t\t\t<\/div>\n\n\n\n<div class=\"wp-block-column is-layout-flow wp-block-column-is-layout-flow\" style=\"flex-basis:66.66%\">\n<h3 class=\"wp-block-heading has-text-align-center\">New dates will be published shortly.<\/h3>\n\n\n\n<h5 class=\"wp-block-heading has-text-align-center\">Look forward to the next exclusive HR networking event!<\/h5>\n\n\n\n<div style=\"height:13px\" aria-hidden=\"true\" class=\"wp-block-spacer\"><\/div>\n\n\n\n<div style=\"height:30px\" aria-hidden=\"true\" class=\"wp-block-spacer\"><\/div>\n<\/div>\n<\/div>\n\n\n\n<p><strong>We look forward to your visit!<\/strong><\/p>\n<\/div><\/div>\n\n\n\n<p><\/p>\n\n\n\n<p><\/p>","protected":false},"excerpt":{"rendered":"<p>Inspiring exchange above the rooftops of Cologne \u2013 join us for our next event! Immerse yourself in an inspiring HR world full of new inspiration, ideas, and a lively exchange on the current challenges of human resource management. From artificial intelligence to transformation to everything these fast-paced times bring with them: In addition to exciting insights from... <a title=\"Rooftop Talk\" class=\"read-more\" href=\"https:\/\/www.ki-management.com\/en\/rooftop-talk\/\" aria-label=\"Read more about Rooftop Talk\">Read more\u2026<\/a><\/p>","protected":false},"author":2,"featured_media":0,"parent":0,"menu_order":0,"comment_status":"closed","ping_status":"closed","template":"","meta":{"inline_featured_image":false,"_uag_custom_page_level_css":"","footnotes":""},"class_list":["post-2808","page","type-page","status-publish"],"yoast_head":"<!-- This site is optimized with the Yoast SEO plugin v27.5 - https:\/\/yoast.com\/product\/yoast-seo-wordpress\/ -->\n<title>Rooftop Talk - K\u00f6lner Institut f\u00fcr Managementberatung<\/title>\n<meta name=\"robots\" content=\"index, follow, max-snippet:-1, max-image-preview:large, max-video-preview:-1\" \/>\n<link rel=\"canonical\" href=\"https:\/\/www.ki-management.com\/en\/rooftop-talk\/\" \/>\n<meta property=\"og:locale\" content=\"en_US\" \/>\n<meta property=\"og:type\" content=\"article\" \/>\n<meta property=\"og:title\" content=\"Rooftop Talk - K\u00f6lner Institut f\u00fcr Managementberatung\" \/>\n<meta property=\"og:description\" content=\"Inspirierender Austausch \u00fcber den D\u00e4chern K\u00f6lns \u2013 seien Sie bei unserem n\u00e4chsten Event dabei! Tauchen Sie ein in eine inspirierende HR-Welt voller neuer Impulse, Ideen und einem lebendigen Austausch zu den aktuellen Herausforderungen des Personalmanagements. Von k\u00fcnstlicher Intelligenz \u00fcber Transformation bis hin zu allem, was diese schnelllebige Zeit mit sich bringt: Neben spannenden Impulsen von ... Weiterlesen ...\" \/>\n<meta property=\"og:url\" content=\"https:\/\/www.ki-management.com\/en\/rooftop-talk\/\" \/>\n<meta property=\"og:site_name\" content=\"K\u00f6lner Institut f\u00fcr Managementberatung\" \/>\n<meta property=\"article:modified_time\" content=\"2025-04-16T12:15:58+00:00\" \/>\n<meta property=\"og:image\" content=\"https:\/\/www.ki-management.com\/wp-content\/uploads\/2024\/12\/rooftop-talk-scaled.jpg\" \/>\n\t<meta property=\"og:image:width\" content=\"2560\" \/>\n\t<meta property=\"og:image:height\" content=\"512\" \/>\n\t<meta property=\"og:image:type\" content=\"image\/jpeg\" \/>\n<meta name=\"twitter:card\" content=\"summary_large_image\" \/>\n<meta name=\"twitter:label1\" content=\"Est. reading time\" \/>\n\t<meta name=\"twitter:data1\" content=\"2 minutes\" \/>\n<script type=\"application\/ld+json\" class=\"yoast-schema-graph\">{\"@context\":\"https:\\\/\\\/schema.org\",\"@graph\":[{\"@type\":\"WebPage\",\"@id\":\"https:\\\/\\\/www.ki-management.com\\\/rooftop-talk\\\/\",\"url\":\"https:\\\/\\\/www.ki-management.com\\\/rooftop-talk\\\/\",\"name\":\"Rooftop Talk - K\u00f6lner Institut f\u00fcr Managementberatung\",\"isPartOf\":{\"@id\":\"https:\\\/\\\/www.ki-management.com\\\/#website\"},\"primaryImageOfPage\":{\"@id\":\"https:\\\/\\\/www.ki-management.com\\\/rooftop-talk\\\/#primaryimage\"},\"image\":{\"@id\":\"https:\\\/\\\/www.ki-management.com\\\/rooftop-talk\\\/#primaryimage\"},\"thumbnailUrl\":\"https:\\\/\\\/www.ki-management.com\\\/wp-content\\\/uploads\\\/2024\\\/12\\\/rooftop-talk-scaled.jpg\",\"datePublished\":\"2024-10-10T08:32:59+00:00\",\"dateModified\":\"2025-04-16T12:15:58+00:00\",\"breadcrumb\":{\"@id\":\"https:\\\/\\\/www.ki-management.com\\\/rooftop-talk\\\/#breadcrumb\"},\"inLanguage\":\"en-US\",\"potentialAction\":[{\"@type\":\"ReadAction\",\"target\":[\"https:\\\/\\\/www.ki-management.com\\\/rooftop-talk\\\/\"]}]},{\"@type\":\"ImageObject\",\"inLanguage\":\"en-US\",\"@id\":\"https:\\\/\\\/www.ki-management.com\\\/rooftop-talk\\\/#primaryimage\",\"url\":\"https:\\\/\\\/www.ki-management.com\\\/wp-content\\\/uploads\\\/2024\\\/12\\\/rooftop-talk-scaled.jpg\",\"contentUrl\":\"https:\\\/\\\/www.ki-management.com\\\/wp-content\\\/uploads\\\/2024\\\/12\\\/rooftop-talk-scaled.jpg\"},{\"@type\":\"BreadcrumbList\",\"@id\":\"https:\\\/\\\/www.ki-management.com\\\/rooftop-talk\\\/#breadcrumb\",\"itemListElement\":[{\"@type\":\"ListItem\",\"position\":1,\"name\":\"Startseite\",\"item\":\"https:\\\/\\\/www.ki-management.com\\\/\"},{\"@type\":\"ListItem\",\"position\":2,\"name\":\"Rooftop Talk\"}]},{\"@type\":\"WebSite\",\"@id\":\"https:\\\/\\\/www.ki-management.com\\\/#website\",\"url\":\"https:\\\/\\\/www.ki-management.com\\\/\",\"name\":\"K\u00f6lner Institut f\u00fcr Managementberatung\",\"description\":\"\",\"publisher\":{\"@id\":\"https:\\\/\\\/www.ki-management.com\\\/#organization\"},\"potentialAction\":[{\"@type\":\"SearchAction\",\"target\":{\"@type\":\"EntryPoint\",\"urlTemplate\":\"https:\\\/\\\/www.ki-management.com\\\/?s={search_term_string}\"},\"query-input\":{\"@type\":\"PropertyValueSpecification\",\"valueRequired\":true,\"valueName\":\"search_term_string\"}}],\"inLanguage\":\"en-US\"},{\"@type\":\"Organization\",\"@id\":\"https:\\\/\\\/www.ki-management.com\\\/#organization\",\"name\":\"K\u00f6lner Institut f\u00fcr Managementberatung\",\"url\":\"https:\\\/\\\/www.ki-management.com\\\/\",\"logo\":{\"@type\":\"ImageObject\",\"inLanguage\":\"en-US\",\"@id\":\"https:\\\/\\\/www.ki-management.com\\\/#\\\/schema\\\/logo\\\/image\\\/\",\"url\":\"https:\\\/\\\/www.ki-management.com\\\/wp-content\\\/uploads\\\/2025\\\/05\\\/K.I.M_Logo_pos.svg\",\"contentUrl\":\"https:\\\/\\\/www.ki-management.com\\\/wp-content\\\/uploads\\\/2025\\\/05\\\/K.I.M_Logo_pos.svg\",\"width\":100,\"height\":100,\"caption\":\"K\u00f6lner Institut f\u00fcr Managementberatung\"},\"image\":{\"@id\":\"https:\\\/\\\/www.ki-management.com\\\/#\\\/schema\\\/logo\\\/image\\\/\"}}]}<\/script>\n<!-- \/ Yoast SEO plugin. -->","yoast_head_json":{"title":"Rooftop Talk - K\u00f6lner Institut f\u00fcr Managementberatung","robots":{"index":"index","follow":"follow","max-snippet":"max-snippet:-1","max-image-preview":"max-image-preview:large","max-video-preview":"max-video-preview:-1"},"canonical":"https:\/\/www.ki-management.com\/en\/rooftop-talk\/","og_locale":"en_US","og_type":"article","og_title":"Rooftop Talk - K\u00f6lner Institut f\u00fcr Managementberatung","og_description":"Inspirierender Austausch \u00fcber den D\u00e4chern K\u00f6lns \u2013 seien Sie bei unserem n\u00e4chsten Event dabei! Tauchen Sie ein in eine inspirierende HR-Welt voller neuer Impulse, Ideen und einem lebendigen Austausch zu den aktuellen Herausforderungen des Personalmanagements. Von k\u00fcnstlicher Intelligenz \u00fcber Transformation bis hin zu allem, was diese schnelllebige Zeit mit sich bringt: Neben spannenden Impulsen von ... Weiterlesen ...","og_url":"https:\/\/www.ki-management.com\/en\/rooftop-talk\/","og_site_name":"K\u00f6lner Institut f\u00fcr Managementberatung","article_modified_time":"2025-04-16T12:15:58+00:00","og_image":[{"width":2560,"height":512,"url":"https:\/\/www.ki-management.com\/wp-content\/uploads\/2024\/12\/rooftop-talk-scaled.jpg","type":"image\/jpeg"}],"twitter_card":"summary_large_image","twitter_misc":{"Est. reading time":"2 minutes"},"schema":{"@context":"https:\/\/schema.org","@graph":[{"@type":"WebPage","@id":"https:\/\/www.ki-management.com\/rooftop-talk\/","url":"https:\/\/www.ki-management.com\/rooftop-talk\/","name":"Rooftop Talk - K\u00f6lner Institut f\u00fcr Managementberatung","isPartOf":{"@id":"https:\/\/www.ki-management.com\/#website"},"primaryImageOfPage":{"@id":"https:\/\/www.ki-management.com\/rooftop-talk\/#primaryimage"},"image":{"@id":"https:\/\/www.ki-management.com\/rooftop-talk\/#primaryimage"},"thumbnailUrl":"https:\/\/www.ki-management.com\/wp-content\/uploads\/2024\/12\/rooftop-talk-scaled.jpg","datePublished":"2024-10-10T08:32:59+00:00","dateModified":"2025-04-16T12:15:58+00:00","breadcrumb":{"@id":"https:\/\/www.ki-management.com\/rooftop-talk\/#breadcrumb"},"inLanguage":"en-US","potentialAction":[{"@type":"ReadAction","target":["https:\/\/www.ki-management.com\/rooftop-talk\/"]}]},{"@type":"ImageObject","inLanguage":"en-US","@id":"https:\/\/www.ki-management.com\/rooftop-talk\/#primaryimage","url":"https:\/\/www.ki-management.com\/wp-content\/uploads\/2024\/12\/rooftop-talk-scaled.jpg","contentUrl":"https:\/\/www.ki-management.com\/wp-content\/uploads\/2024\/12\/rooftop-talk-scaled.jpg"},{"@type":"BreadcrumbList","@id":"https:\/\/www.ki-management.com\/rooftop-talk\/#breadcrumb","itemListElement":[{"@type":"ListItem","position":1,"name":"Startseite","item":"https:\/\/www.ki-management.com\/"},{"@type":"ListItem","position":2,"name":"Rooftop Talk"}]},{"@type":"WebSite","@id":"https:\/\/www.ki-management.com\/#website","url":"https:\/\/www.ki-management.com\/","name":"Cologne Institute for Management Consulting","description":"","publisher":{"@id":"https:\/\/www.ki-management.com\/#organization"},"potentialAction":[{"@type":"SearchAction","target":{"@type":"EntryPoint","urlTemplate":"https:\/\/www.ki-management.com\/?s={search_term_string}"},"query-input":{"@type":"PropertyValueSpecification","valueRequired":true,"valueName":"search_term_string"}}],"inLanguage":"en-US"},{"@type":"Organization","@id":"https:\/\/www.ki-management.com\/#organization","name":"Cologne Institute for Management Consulting","url":"https:\/\/www.ki-management.com\/","logo":{"@type":"ImageObject","inLanguage":"en-US","@id":"https:\/\/www.ki-management.com\/#\/schema\/logo\/image\/","url":"https:\/\/www.ki-management.com\/wp-content\/uploads\/2025\/05\/K.I.M_Logo_pos.svg","contentUrl":"https:\/\/www.ki-management.com\/wp-content\/uploads\/2025\/05\/K.I.M_Logo_pos.svg","width":100,"height":100,"caption":"K\u00f6lner Institut f\u00fcr Managementberatung"},"image":{"@id":"https:\/\/www.ki-management.com\/#\/schema\/logo\/image\/"}}]}},"spectra_custom_meta":{"_edit_lock":["1744805759:4"],"_edit_last":["4"],"_generate-disable-headline":["true"],"_yoast_wpseo_estimated-reading-time-minutes":["2"],"_yoast_wpseo_content_score":["90"],"cmplz_hide_cookiebanner":[""],"_yoast_wpseo_focuskw":["networking Impulse HR"],"_yoast_wpseo_linkdex":["52"],"wp_statistics_words_count":["214"],"_uag_css_file_name":["uag-css-2808.css"],"_uag_js_file_name":["uag-js-2808.js"],"_uagb_previous_block_counts":["a:90:{s:21:\"uagb\/advanced-heading\";i:0;s:15:\"uagb\/blockquote\";i:0;s:12:\"uagb\/buttons\";i:0;s:18:\"uagb\/buttons-child\";i:0;s:19:\"uagb\/call-to-action\";i:0;s:15:\"uagb\/cf7-styler\";i:0;s:11:\"uagb\/column\";i:0;s:12:\"uagb\/columns\";i:0;s:14:\"uagb\/container\";i:0;s:21:\"uagb\/content-timeline\";i:0;s:27:\"uagb\/content-timeline-child\";i:0;s:14:\"uagb\/countdown\";i:0;s:12:\"uagb\/counter\";i:0;s:8:\"uagb\/faq\";i:0;s:14:\"uagb\/faq-child\";i:0;s:10:\"uagb\/forms\";i:0;s:17:\"uagb\/forms-accept\";i:0;s:19:\"uagb\/forms-checkbox\";i:0;s:15:\"uagb\/forms-date\";i:0;s:16:\"uagb\/forms-email\";i:0;s:17:\"uagb\/forms-hidden\";i:0;s:15:\"uagb\/forms-name\";i:0;s:16:\"uagb\/forms-phone\";i:0;s:16:\"uagb\/forms-radio\";i:0;s:17:\"uagb\/forms-select\";i:0;s:19:\"uagb\/forms-textarea\";i:0;s:17:\"uagb\/forms-toggle\";i:0;s:14:\"uagb\/forms-url\";i:0;s:14:\"uagb\/gf-styler\";i:0;s:15:\"uagb\/google-map\";i:0;s:11:\"uagb\/how-to\";i:0;s:16:\"uagb\/how-to-step\";i:0;s:9:\"uagb\/icon\";i:1;s:14:\"uagb\/icon-list\";i:0;s:20:\"uagb\/icon-list-child\";i:0;s:10:\"uagb\/image\";i:0;s:18:\"uagb\/image-gallery\";i:0;s:13:\"uagb\/info-box\";i:0;s:18:\"uagb\/inline-notice\";i:0;s:11:\"uagb\/lottie\";i:0;s:21:\"uagb\/marketing-button\";i:0;s:10:\"uagb\/modal\";i:0;s:18:\"uagb\/popup-builder\";i:0;s:16:\"uagb\/post-button\";i:0;s:18:\"uagb\/post-carousel\";i:0;s:17:\"uagb\/post-excerpt\";i:0;s:14:\"uagb\/post-grid\";i:0;s:15:\"uagb\/post-image\";i:0;s:17:\"uagb\/post-masonry\";i:0;s:14:\"uagb\/post-meta\";i:0;s:18:\"uagb\/post-taxonomy\";i:0;s:18:\"uagb\/post-timeline\";i:0;s:15:\"uagb\/post-title\";i:0;s:20:\"uagb\/restaurant-menu\";i:0;s:26:\"uagb\/restaurant-menu-child\";i:0;s:11:\"uagb\/review\";i:0;s:12:\"uagb\/section\";i:0;s:14:\"uagb\/separator\";i:0;s:11:\"uagb\/slider\";i:0;s:17:\"uagb\/slider-child\";i:0;s:17:\"uagb\/social-share\";i:0;s:23:\"uagb\/social-share-child\";i:0;s:16:\"uagb\/star-rating\";i:0;s:23:\"uagb\/sure-cart-checkout\";i:0;s:22:\"uagb\/sure-cart-product\";i:0;s:15:\"uagb\/sure-forms\";i:0;s:22:\"uagb\/table-of-contents\";i:0;s:9:\"uagb\/tabs\";i:0;s:15:\"uagb\/tabs-child\";i:0;s:18:\"uagb\/taxonomy-list\";i:0;s:9:\"uagb\/team\";i:0;s:16:\"uagb\/testimonial\";i:0;s:14:\"uagb\/wp-search\";i:0;s:19:\"uagb\/instagram-feed\";i:0;s:10:\"uagb\/login\";i:0;s:17:\"uagb\/loop-builder\";i:0;s:18:\"uagb\/loop-category\";i:0;s:20:\"uagb\/loop-pagination\";i:0;s:15:\"uagb\/loop-reset\";i:0;s:16:\"uagb\/loop-search\";i:0;s:14:\"uagb\/loop-sort\";i:0;s:17:\"uagb\/loop-wrapper\";i:0;s:13:\"uagb\/register\";i:0;s:19:\"uagb\/register-email\";i:0;s:24:\"uagb\/register-first-name\";i:0;s:23:\"uagb\/register-last-name\";i:0;s:22:\"uagb\/register-password\";i:0;s:30:\"uagb\/register-reenter-password\";i:0;s:19:\"uagb\/register-terms\";i:0;s:22:\"uagb\/register-username\";i:0;}"],"_uagb_last_spectra_edit":["1777020810"]},"uagb_featured_image_src":{"full":false,"thumbnail":false,"medium":false,"medium_large":false,"large":false,"1536x1536":false,"2048x2048":false,"trp-custom-language-flag":false,"3-2-Thumb":false,"SquareThumb":false,"16-9-Thumb":false,"SquareBig":false,"16-9-Big":false},"uagb_author_info":{"display_name":"Kim Johannsen","author_link":"https:\/\/www.ki-management.com\/en\/author\/k-johannsen\/"},"uagb_comment_info":0,"uagb_excerpt":"Inspirierender Austausch \u00fcber den D\u00e4chern K\u00f6lns \u2013 seien Sie bei unserem n\u00e4chsten Event dabei! Tauchen Sie ein in eine inspirierende HR-Welt voller neuer Impulse, Ideen und einem lebendigen Austausch zu den aktuellen Herausforderungen des Personalmanagements. Von k\u00fcnstlicher Intelligenz \u00fcber Transformation bis hin zu allem, was diese schnelllebige Zeit mit sich bringt: Neben spannenden Impulsen von&hellip;","_links":{"self":[{"href":"https:\/\/www.ki-management.com\/en\/wp-json\/wp\/v2\/pages\/2808","targetHints":{"allow":["GET"]}}],"collection":[{"href":"https:\/\/www.ki-management.com\/en\/wp-json\/wp\/v2\/pages"}],"about":[{"href":"https:\/\/www.ki-management.com\/en\/wp-json\/wp\/v2\/types\/page"}],"author":[{"embeddable":true,"href":"https:\/\/www.ki-management.com\/en\/wp-json\/wp\/v2\/users\/2"}],"replies":[{"embeddable":true,"href":"https:\/\/www.ki-management.com\/en\/wp-json\/wp\/v2\/comments?post=2808"}],"version-history":[{"count":29,"href":"https:\/\/www.ki-management.com\/en\/wp-json\/wp\/v2\/pages\/2808\/revisions"}],"predecessor-version":[{"id":5160,"href":"https:\/\/www.ki-management.com\/en\/wp-json\/wp\/v2\/pages\/2808\/revisions\/5160"}],"wp:attachment":[{"href":"https:\/\/www.ki-management.com\/en\/wp-json\/wp\/v2\/media?parent=2808"}],"curies":[{"name":"wp","href":"https:\/\/api.w.org\/{rel}","templated":true}]}}