{"id":4785,"date":"2025-01-15T17:05:44","date_gmt":"2025-01-15T16:05:44","guid":{"rendered":"https:\/\/kim-pilot.moveup.de\/?page_id=4785"},"modified":"2025-01-15T17:07:20","modified_gmt":"2025-01-15T16:07:20","slug":"virtuelles-onboarding-fuer-conet","status":"publish","type":"page","link":"https:\/\/www.ki-management.com\/en\/virtuelles-onboarding-fuer-conet\/","title":{"rendered":"Virtual onboarding for CONET"},"content":{"rendered":"<h3 class=\"wp-block-heading section-title left highlighted has-mint-dunkel-color has-text-color has-large-font-size\" style=\"font-style:normal;font-weight:900;text-transform:uppercase\">Virtual onboarding for CONET<\/h3>\n\n\n\n<div style=\"height:43px\" aria-hidden=\"true\" class=\"wp-block-spacer\"><\/div>\n\n\n\n<h3 class=\"wp-block-heading\">Our customer&#039;s concern<\/h3>\n\n\n\n<p>Onboarding new employees in times of COVID-19? A challenging task, as our client CONET has also discovered. Communicating and experiencing corporate values, as well as engaging with key information, form the foundation for sustainable collaboration between employees and the organization. The onboarding event we previously conducted in person therefore needed to be rethought. KI.M&#039;s approach: We are designing a purely virtual onboarding event! CONET&#039;s goal and main concern: Through the virtual format, the IT service provider&#039;s values should be communicated as tangibly as possible, and the corporate culture should be experienced by new colleagues as interactively as possible. An exciting project\u2026<\/p>\n\n\n\n<h3 class=\"wp-block-heading\">The project<\/h3>\n\n\n\n<p>In coordination with the client, KI.M developed a virtual onboarding event for an experience-oriented introduction to CONET&#039;s corporate culture. The goals of the joint project were to create a customized design and actively convey CONET&#039;s values, as well as to increase new employees&#039; identification with the organization&#039;s values. Furthermore, the onboarding format serves to strengthen team spirit and expand the employee network within the company. This was made possible through remote group dynamics and experiential learning training elements. True to the motto: movement, fun, and active communication in front of the camera instead of tedious listening without interaction. This allows for a lively, tangible, transparent, and sustainable communication of the corporate culture. Using various exercises in changing small groups, a sense of togetherness can be successfully developed even despite physical distance, optimally supporting the arrival in the new work environment.<\/p>\n\n\n\n<h3 class=\"wp-block-heading\">The result<\/h3>\n\n\n\n<p>The 16 participants agreed: The conceptual design of the onboarding event ultimately enabled the successful transformation of the in-person event into a remote format! This was primarily due to dynamic training elements, which, combined with the involvement of internal stakeholders such as HR and management, enabled participants to experience CONET&#039;s values. The three webinar sessions, spread over a day and a half, were extremely successful in building a strong connection between the future employees and CONET, despite its decentralized nature. We are proud to have successfully established this bond between employees and the company within the given circumstances \u2013 we say: Mission accomplished.<\/p>\n\n\n\n<div style=\"height:43px\" aria-hidden=\"true\" class=\"wp-block-spacer\"><\/div>\n\n\n\n<h3 class=\"wp-block-heading\">1. Virtual onboarding process<\/h3>\n\n\n<div class=\"wp-block-image\">\n<figure class=\"aligncenter size-full is-resized\"><img loading=\"lazy\" decoding=\"async\" width=\"3250\" height=\"2250\" src=\"https:\/\/www.ki-management.com\/wp-content\/uploads\/2025\/01\/Ablauf-virtuelles-Onboarding-bei-CONET.png\" alt=\"\" class=\"wp-image-4786\" style=\"width:807px;height:auto\" srcset=\"https:\/\/www.ki-management.com\/wp-content\/uploads\/2025\/01\/Ablauf-virtuelles-Onboarding-bei-CONET.png 3250w, https:\/\/www.ki-management.com\/wp-content\/uploads\/2025\/01\/Ablauf-virtuelles-Onboarding-bei-CONET-300x208.png 300w, https:\/\/www.ki-management.com\/wp-content\/uploads\/2025\/01\/Ablauf-virtuelles-Onboarding-bei-CONET-1024x709.png 1024w, https:\/\/www.ki-management.com\/wp-content\/uploads\/2025\/01\/Ablauf-virtuelles-Onboarding-bei-CONET-768x532.png 768w, https:\/\/www.ki-management.com\/wp-content\/uploads\/2025\/01\/Ablauf-virtuelles-Onboarding-bei-CONET-1536x1063.png 1536w, https:\/\/www.ki-management.com\/wp-content\/uploads\/2025\/01\/Ablauf-virtuelles-Onboarding-bei-CONET-2048x1418.png 2048w\" sizes=\"auto, (max-width: 3250px) 100vw, 3250px\" \/><\/figure>\n<\/div>","protected":false},"excerpt":{"rendered":"<p>Virtuelles Onboarding f\u00fcr CONET Das Anliegen unseres Kunden Onboarding neuer Mitarbeiterinnen und Mitarbeiter in Zeiten von Corona? Eine sch\u00f6ne Herausforderung, wie sich auch f\u00fcr unseren Kunden CONET herausgestellt hat. Dabei bilden die Vermittlung und das Erleben der Unternehmenswerte sowie die Auseinandersetzung mit wesentlichen Informationen das Fundament f\u00fcr eine nachhaltige Zusammenarbeit zwischen Mitarbeitenden und Organisation. Die &#8230; <a title=\"Virtual onboarding for CONET\" class=\"read-more\" href=\"https:\/\/www.ki-management.com\/en\/virtuelles-onboarding-fuer-conet\/\" aria-label=\"Read more about Virtuelles Onboarding f\u00fcr CONET\">Read more\u2026<\/a><\/p>","protected":false},"author":4,"featured_media":4783,"parent":0,"menu_order":0,"comment_status":"closed","ping_status":"closed","template":"","meta":{"inline_featured_image":false,"_uag_custom_page_level_css":"","footnotes":""},"class_list":["post-4785","page","type-page","status-publish","has-post-thumbnail"],"yoast_head":"<!-- This site is optimized with the Yoast SEO plugin v25.0 - https:\/\/yoast.com\/wordpress\/plugins\/seo\/ -->\n<title>Virtuelles Onboarding f\u00fcr CONET - K\u00f6lner Institut f\u00fcr Managementberatung<\/title>\n<meta name=\"robots\" content=\"index, follow, max-snippet:-1, max-image-preview:large, max-video-preview:-1\" \/>\n<link rel=\"canonical\" href=\"https:\/\/www.ki-management.com\/en\/virtuelles-onboarding-fuer-conet\/\" \/>\n<meta property=\"og:locale\" content=\"en_US\" \/>\n<meta property=\"og:type\" content=\"article\" \/>\n<meta property=\"og:title\" content=\"Virtuelles Onboarding f\u00fcr CONET - K\u00f6lner Institut f\u00fcr Managementberatung\" \/>\n<meta property=\"og:description\" content=\"Virtuelles Onboarding f\u00fcr CONET Das Anliegen unseres Kunden Onboarding neuer Mitarbeiterinnen und Mitarbeiter in Zeiten von Corona? Eine sch\u00f6ne Herausforderung, wie sich auch f\u00fcr unseren Kunden CONET herausgestellt hat. Dabei bilden die Vermittlung und das Erleben der Unternehmenswerte sowie die Auseinandersetzung mit wesentlichen Informationen das Fundament f\u00fcr eine nachhaltige Zusammenarbeit zwischen Mitarbeitenden und Organisation. Die ... Weiterlesen ...\" \/>\n<meta property=\"og:url\" content=\"https:\/\/www.ki-management.com\/en\/virtuelles-onboarding-fuer-conet\/\" \/>\n<meta property=\"og:site_name\" content=\"K\u00f6lner Institut f\u00fcr Managementberatung\" \/>\n<meta property=\"article:modified_time\" content=\"2025-01-15T16:07:20+00:00\" \/>\n<meta property=\"og:image\" content=\"https:\/\/www.ki-management.com\/wp-content\/uploads\/2025\/01\/pexels-zusammenhalt-haende.jpeg\" \/>\n\t<meta property=\"og:image:width\" content=\"1125\" \/>\n\t<meta property=\"og:image:height\" content=\"750\" \/>\n\t<meta property=\"og:image:type\" content=\"image\/jpeg\" \/>\n<meta name=\"twitter:card\" content=\"summary_large_image\" \/>\n<meta name=\"twitter:label1\" content=\"Est. reading time\" \/>\n\t<meta name=\"twitter:data1\" content=\"3 minutes\" \/>\n<script type=\"application\/ld+json\" class=\"yoast-schema-graph\">{\"@context\":\"https:\/\/schema.org\",\"@graph\":[{\"@type\":\"WebPage\",\"@id\":\"https:\/\/www.ki-management.com\/virtuelles-onboarding-fuer-conet\/\",\"url\":\"https:\/\/www.ki-management.com\/virtuelles-onboarding-fuer-conet\/\",\"name\":\"Virtuelles Onboarding f\u00fcr CONET - K\u00f6lner Institut f\u00fcr Managementberatung\",\"isPartOf\":{\"@id\":\"https:\/\/www.ki-management.com\/#website\"},\"primaryImageOfPage\":{\"@id\":\"https:\/\/www.ki-management.com\/virtuelles-onboarding-fuer-conet\/#primaryimage\"},\"image\":{\"@id\":\"https:\/\/www.ki-management.com\/virtuelles-onboarding-fuer-conet\/#primaryimage\"},\"thumbnailUrl\":\"https:\/\/www.ki-management.com\/wp-content\/uploads\/2025\/01\/pexels-zusammenhalt-haende.jpeg\",\"datePublished\":\"2025-01-15T16:05:44+00:00\",\"dateModified\":\"2025-01-15T16:07:20+00:00\",\"breadcrumb\":{\"@id\":\"https:\/\/www.ki-management.com\/virtuelles-onboarding-fuer-conet\/#breadcrumb\"},\"inLanguage\":\"en-US\",\"potentialAction\":[{\"@type\":\"ReadAction\",\"target\":[\"https:\/\/www.ki-management.com\/virtuelles-onboarding-fuer-conet\/\"]}]},{\"@type\":\"ImageObject\",\"inLanguage\":\"en-US\",\"@id\":\"https:\/\/www.ki-management.com\/virtuelles-onboarding-fuer-conet\/#primaryimage\",\"url\":\"https:\/\/www.ki-management.com\/wp-content\/uploads\/2025\/01\/pexels-zusammenhalt-haende.jpeg\",\"contentUrl\":\"https:\/\/www.ki-management.com\/wp-content\/uploads\/2025\/01\/pexels-zusammenhalt-haende.jpeg\",\"width\":1125,\"height\":750},{\"@type\":\"BreadcrumbList\",\"@id\":\"https:\/\/www.ki-management.com\/virtuelles-onboarding-fuer-conet\/#breadcrumb\",\"itemListElement\":[{\"@type\":\"ListItem\",\"position\":1,\"name\":\"Startseite\",\"item\":\"https:\/\/www.ki-management.com\/\"},{\"@type\":\"ListItem\",\"position\":2,\"name\":\"Virtuelles Onboarding f\u00fcr CONET\"}]},{\"@type\":\"WebSite\",\"@id\":\"https:\/\/www.ki-management.com\/#website\",\"url\":\"https:\/\/www.ki-management.com\/\",\"name\":\"K\u00f6lner Institut f\u00fcr Managementberatung\",\"description\":\"\",\"publisher\":{\"@id\":\"https:\/\/www.ki-management.com\/#organization\"},\"potentialAction\":[{\"@type\":\"SearchAction\",\"target\":{\"@type\":\"EntryPoint\",\"urlTemplate\":\"https:\/\/www.ki-management.com\/?s={search_term_string}\"},\"query-input\":{\"@type\":\"PropertyValueSpecification\",\"valueRequired\":true,\"valueName\":\"search_term_string\"}}],\"inLanguage\":\"en-US\"},{\"@type\":\"Organization\",\"@id\":\"https:\/\/www.ki-management.com\/#organization\",\"name\":\"K\u00f6lner Institut f\u00fcr Managementberatung\",\"url\":\"https:\/\/www.ki-management.com\/\",\"logo\":{\"@type\":\"ImageObject\",\"inLanguage\":\"en-US\",\"@id\":\"https:\/\/www.ki-management.com\/#\/schema\/logo\/image\/\",\"url\":\"https:\/\/www.ki-management.com\/wp-content\/uploads\/2025\/05\/K.I.M_Logo_pos.svg\",\"contentUrl\":\"https:\/\/www.ki-management.com\/wp-content\/uploads\/2025\/05\/K.I.M_Logo_pos.svg\",\"width\":100,\"height\":100,\"caption\":\"K\u00f6lner Institut f\u00fcr Managementberatung\"},\"image\":{\"@id\":\"https:\/\/www.ki-management.com\/#\/schema\/logo\/image\/\"}}]}<\/script>\n<!-- \/ Yoast SEO plugin. -->","yoast_head_json":{"title":"Virtuelles Onboarding f\u00fcr CONET - K\u00f6lner Institut f\u00fcr Managementberatung","robots":{"index":"index","follow":"follow","max-snippet":"max-snippet:-1","max-image-preview":"max-image-preview:large","max-video-preview":"max-video-preview:-1"},"canonical":"https:\/\/www.ki-management.com\/en\/virtuelles-onboarding-fuer-conet\/","og_locale":"en_US","og_type":"article","og_title":"Virtuelles Onboarding f\u00fcr CONET - K\u00f6lner Institut f\u00fcr Managementberatung","og_description":"Virtuelles Onboarding f\u00fcr CONET Das Anliegen unseres Kunden Onboarding neuer Mitarbeiterinnen und Mitarbeiter in Zeiten von Corona? Eine sch\u00f6ne Herausforderung, wie sich auch f\u00fcr unseren Kunden CONET herausgestellt hat. Dabei bilden die Vermittlung und das Erleben der Unternehmenswerte sowie die Auseinandersetzung mit wesentlichen Informationen das Fundament f\u00fcr eine nachhaltige Zusammenarbeit zwischen Mitarbeitenden und Organisation. Die ... Weiterlesen ...","og_url":"https:\/\/www.ki-management.com\/en\/virtuelles-onboarding-fuer-conet\/","og_site_name":"K\u00f6lner Institut f\u00fcr Managementberatung","article_modified_time":"2025-01-15T16:07:20+00:00","og_image":[{"width":1125,"height":750,"url":"https:\/\/www.ki-management.com\/wp-content\/uploads\/2025\/01\/pexels-zusammenhalt-haende.jpeg","type":"image\/jpeg"}],"twitter_card":"summary_large_image","twitter_misc":{"Est. reading time":"3 minutes"},"schema":{"@context":"https:\/\/schema.org","@graph":[{"@type":"WebPage","@id":"https:\/\/www.ki-management.com\/virtuelles-onboarding-fuer-conet\/","url":"https:\/\/www.ki-management.com\/virtuelles-onboarding-fuer-conet\/","name":"Virtuelles Onboarding f\u00fcr CONET - K\u00f6lner Institut f\u00fcr Managementberatung","isPartOf":{"@id":"https:\/\/www.ki-management.com\/#website"},"primaryImageOfPage":{"@id":"https:\/\/www.ki-management.com\/virtuelles-onboarding-fuer-conet\/#primaryimage"},"image":{"@id":"https:\/\/www.ki-management.com\/virtuelles-onboarding-fuer-conet\/#primaryimage"},"thumbnailUrl":"https:\/\/www.ki-management.com\/wp-content\/uploads\/2025\/01\/pexels-zusammenhalt-haende.jpeg","datePublished":"2025-01-15T16:05:44+00:00","dateModified":"2025-01-15T16:07:20+00:00","breadcrumb":{"@id":"https:\/\/www.ki-management.com\/virtuelles-onboarding-fuer-conet\/#breadcrumb"},"inLanguage":"en-US","potentialAction":[{"@type":"ReadAction","target":["https:\/\/www.ki-management.com\/virtuelles-onboarding-fuer-conet\/"]}]},{"@type":"ImageObject","inLanguage":"en-US","@id":"https:\/\/www.ki-management.com\/virtuelles-onboarding-fuer-conet\/#primaryimage","url":"https:\/\/www.ki-management.com\/wp-content\/uploads\/2025\/01\/pexels-zusammenhalt-haende.jpeg","contentUrl":"https:\/\/www.ki-management.com\/wp-content\/uploads\/2025\/01\/pexels-zusammenhalt-haende.jpeg","width":1125,"height":750},{"@type":"BreadcrumbList","@id":"https:\/\/www.ki-management.com\/virtuelles-onboarding-fuer-conet\/#breadcrumb","itemListElement":[{"@type":"ListItem","position":1,"name":"Startseite","item":"https:\/\/www.ki-management.com\/"},{"@type":"ListItem","position":2,"name":"Virtuelles Onboarding f\u00fcr CONET"}]},{"@type":"WebSite","@id":"https:\/\/www.ki-management.com\/#website","url":"https:\/\/www.ki-management.com\/","name":"Cologne Institute for Management Consulting","description":"","publisher":{"@id":"https:\/\/www.ki-management.com\/#organization"},"potentialAction":[{"@type":"SearchAction","target":{"@type":"EntryPoint","urlTemplate":"https:\/\/www.ki-management.com\/?s={search_term_string}"},"query-input":{"@type":"PropertyValueSpecification","valueRequired":true,"valueName":"search_term_string"}}],"inLanguage":"en-US"},{"@type":"Organization","@id":"https:\/\/www.ki-management.com\/#organization","name":"Cologne Institute for Management Consulting","url":"https:\/\/www.ki-management.com\/","logo":{"@type":"ImageObject","inLanguage":"en-US","@id":"https:\/\/www.ki-management.com\/#\/schema\/logo\/image\/","url":"https:\/\/www.ki-management.com\/wp-content\/uploads\/2025\/05\/K.I.M_Logo_pos.svg","contentUrl":"https:\/\/www.ki-management.com\/wp-content\/uploads\/2025\/05\/K.I.M_Logo_pos.svg","width":100,"height":100,"caption":"K\u00f6lner Institut f\u00fcr Managementberatung"},"image":{"@id":"https:\/\/www.ki-management.com\/#\/schema\/logo\/image\/"}}]}},"spectra_custom_meta":{"_yoast_wpseo_content_score":["90"],"_yoast_wpseo_estimated-reading-time-minutes":["3"],"_generate-disable-headline":["true"],"_thumbnail_id":["4783"],"wp_statistics_words_count":["351"],"_dp_original":["3225"],"_edit_lock":["1736957268:4"],"_edit_last":["4"],"_uag_page_assets":["a:9:{s:3:\"css\";s:0:\"\";s:2:\"js\";s:0:\"\";s:18:\"current_block_list\";a:6:{i:0;s:12:\"core\/heading\";i:1;s:11:\"core\/spacer\";i:2;s:14:\"core\/paragraph\";i:3;s:10:\"core\/image\";i:4;s:12:\"core\/columns\";i:5;s:11:\"core\/column\";}s:8:\"uag_flag\";b:0;s:11:\"uag_version\";s:10:\"1774944139\";s:6:\"gfonts\";a:0:{}s:10:\"gfonts_url\";s:0:\"\";s:12:\"gfonts_files\";a:0:{}s:14:\"uag_faq_layout\";b:0;}"]},"uagb_featured_image_src":{"full":["https:\/\/www.ki-management.com\/wp-content\/uploads\/2025\/01\/pexels-zusammenhalt-haende.jpeg",1125,750,false],"thumbnail":["https:\/\/www.ki-management.com\/wp-content\/uploads\/2025\/01\/pexels-zusammenhalt-haende-150x150.jpeg",150,150,true],"medium":["https:\/\/www.ki-management.com\/wp-content\/uploads\/2025\/01\/pexels-zusammenhalt-haende-300x200.jpeg",300,200,true],"medium_large":["https:\/\/www.ki-management.com\/wp-content\/uploads\/2025\/01\/pexels-zusammenhalt-haende-768x512.jpeg",768,512,true],"large":["https:\/\/www.ki-management.com\/wp-content\/uploads\/2025\/01\/pexels-zusammenhalt-haende-1024x683.jpeg",1024,683,true],"1536x1536":["https:\/\/www.ki-management.com\/wp-content\/uploads\/2025\/01\/pexels-zusammenhalt-haende.jpeg",1125,750,false],"2048x2048":["https:\/\/www.ki-management.com\/wp-content\/uploads\/2025\/01\/pexels-zusammenhalt-haende.jpeg",1125,750,false],"trp-custom-language-flag":["https:\/\/www.ki-management.com\/wp-content\/uploads\/2025\/01\/pexels-zusammenhalt-haende.jpeg",18,12,false],"3-2-Thumb":["https:\/\/www.ki-management.com\/wp-content\/uploads\/2025\/01\/pexels-zusammenhalt-haende-640x480.jpeg",640,480,true],"SquareThumb":["https:\/\/www.ki-management.com\/wp-content\/uploads\/2025\/01\/pexels-zusammenhalt-haende-960x750.jpeg",960,750,true],"16-9-Thumb":["https:\/\/www.ki-management.com\/wp-content\/uploads\/2025\/01\/pexels-zusammenhalt-haende-960x540.jpeg",960,540,true],"SquareBig":["https:\/\/www.ki-management.com\/wp-content\/uploads\/2025\/01\/pexels-zusammenhalt-haende.jpeg",1125,750,false],"16-9-Big":["https:\/\/www.ki-management.com\/wp-content\/uploads\/2025\/01\/pexels-zusammenhalt-haende.jpeg",1125,750,false]},"uagb_author_info":{"display_name":"Freya Ackermann","author_link":"https:\/\/www.ki-management.com\/en\/author\/f-ackermann\/"},"uagb_comment_info":0,"uagb_excerpt":"Virtuelles Onboarding f\u00fcr CONET Das Anliegen unseres Kunden Onboarding neuer Mitarbeiterinnen und Mitarbeiter in Zeiten von Corona? Eine sch\u00f6ne Herausforderung, wie sich auch f\u00fcr unseren Kunden CONET herausgestellt hat. Dabei bilden die Vermittlung und das Erleben der Unternehmenswerte sowie die Auseinandersetzung mit wesentlichen Informationen das Fundament f\u00fcr eine nachhaltige Zusammenarbeit zwischen Mitarbeitenden und Organisation. Die&hellip;","_links":{"self":[{"href":"https:\/\/www.ki-management.com\/en\/wp-json\/wp\/v2\/pages\/4785","targetHints":{"allow":["GET"]}}],"collection":[{"href":"https:\/\/www.ki-management.com\/en\/wp-json\/wp\/v2\/pages"}],"about":[{"href":"https:\/\/www.ki-management.com\/en\/wp-json\/wp\/v2\/types\/page"}],"author":[{"embeddable":true,"href":"https:\/\/www.ki-management.com\/en\/wp-json\/wp\/v2\/users\/4"}],"replies":[{"embeddable":true,"href":"https:\/\/www.ki-management.com\/en\/wp-json\/wp\/v2\/comments?post=4785"}],"version-history":[{"count":2,"href":"https:\/\/www.ki-management.com\/en\/wp-json\/wp\/v2\/pages\/4785\/revisions"}],"predecessor-version":[{"id":4788,"href":"https:\/\/www.ki-management.com\/en\/wp-json\/wp\/v2\/pages\/4785\/revisions\/4788"}],"wp:featuredmedia":[{"embeddable":true,"href":"https:\/\/www.ki-management.com\/en\/wp-json\/wp\/v2\/media\/4783"}],"wp:attachment":[{"href":"https:\/\/www.ki-management.com\/en\/wp-json\/wp\/v2\/media?parent=4785"}],"curies":[{"name":"wp","href":"https:\/\/api.w.org\/{rel}","templated":true}]}}